{"id":36447,"date":"2024-06-26T12:45:26","date_gmt":"2024-06-26T22:45:26","guid":{"rendered":"https:\/\/tahitinuitravel.com\/?page_id=36447"},"modified":"2024-10-24T11:11:03","modified_gmt":"2024-10-24T21:11:03","slug":"infos-pratiques","status":"publish","type":"page","link":"https:\/\/tahitinuitravel.com\/zh\/infos-pratiques\/","title":{"rendered":"\u5b9e\u7528\u4fe1\u606f"},"content":{"rendered":"<div data-elementor-type=\"wp-page\" data-elementor-id=\"36447\" class=\"elementor elementor-36447\" data-elementor-settings=\"{&quot;element_pack_global_tooltip_width&quot;:{&quot;unit&quot;:&quot;px&quot;,&quot;size&quot;:&quot;&quot;,&quot;sizes&quot;:[]},&quot;element_pack_global_tooltip_width_tablet&quot;:{&quot;unit&quot;:&quot;px&quot;,&quot;size&quot;:&quot;&quot;,&quot;sizes&quot;:[]},&quot;element_pack_global_tooltip_width_mobile&quot;:{&quot;unit&quot;:&quot;px&quot;,&quot;size&quot;:&quot;&quot;,&quot;sizes&quot;:[]},&quot;element_pack_global_tooltip_padding&quot;:{&quot;unit&quot;:&quot;px&quot;,&quot;top&quot;:&quot;&quot;,&quot;right&quot;:&quot;&quot;,&quot;bottom&quot;:&quot;&quot;,&quot;left&quot;:&quot;&quot;,&quot;isLinked&quot;:true},&quot;element_pack_global_tooltip_padding_tablet&quot;:{&quot;unit&quot;:&quot;px&quot;,&quot;top&quot;:&quot;&quot;,&quot;right&quot;:&quot;&quot;,&quot;bottom&quot;:&quot;&quot;,&quot;left&quot;:&quot;&quot;,&quot;isLinked&quot;:true},&quot;element_pack_global_tooltip_padding_mobile&quot;:{&quot;unit&quot;:&quot;px&quot;,&quot;top&quot;:&quot;&quot;,&quot;right&quot;:&quot;&quot;,&quot;bottom&quot;:&quot;&quot;,&quot;left&quot;:&quot;&quot;,&quot;isLinked&quot;:true},&quot;element_pack_global_tooltip_border_radius&quot;:{&quot;unit&quot;:&quot;px&quot;,&quot;top&quot;:&quot;&quot;,&quot;right&quot;:&quot;&quot;,&quot;bottom&quot;:&quot;&quot;,&quot;left&quot;:&quot;&quot;,&quot;isLinked&quot;:true},&quot;element_pack_global_tooltip_border_radius_tablet&quot;:{&quot;unit&quot;:&quot;px&quot;,&quot;top&quot;:&quot;&quot;,&quot;right&quot;:&quot;&quot;,&quot;bottom&quot;:&quot;&quot;,&quot;left&quot;:&quot;&quot;,&quot;isLinked&quot;:true},&quot;element_pack_global_tooltip_border_radius_mobile&quot;:{&quot;unit&quot;:&quot;px&quot;,&quot;top&quot;:&quot;&quot;,&quot;right&quot;:&quot;&quot;,&quot;bottom&quot;:&quot;&quot;,&quot;left&quot;:&quot;&quot;,&quot;isLinked&quot;:true}}\" data-elementor-post-type=\"page\">\n\t\t\t\t<div data-particle_enable=\"false\" data-particle-mobile-disabled=\"false\" data-dce-background-overlay-color=\"#000000\" data-dce-background-image-url=\"https:\/\/tahitinuitravel.com\/wp-content\/uploads\/2024\/10\/couverture-infos-pratiques.png\" class=\"elementor-element elementor-element-8d93d69 e-con-full e-flex e-con e-parent\" data-id=\"8d93d69\" data-element_type=\"container\" data-settings=\"{&quot;background_background&quot;:&quot;classic&quot;}\">\n\t\t\t\t<\/div>\n\t\t<div data-particle_enable=\"false\" data-particle-mobile-disabled=\"false\" class=\"elementor-element elementor-element-f2b11cb e-flex e-con-boxed elementor-invisible e-con e-child\" data-id=\"f2b11cb\" data-element_type=\"container\" data-settings=\"{&quot;animation&quot;:&quot;fadeInRight&quot;}\">\n\t\t\t\t\t<div class=\"e-con-inner\">\n\t\t\t\t<div class=\"elementor-element elementor-element-986137e elementor-widget__width-inherit elementor-widget elementor-widget-heading\" data-id=\"986137e\" data-element_type=\"widget\" data-widget_type=\"heading.default\">\n\t\t\t\t<div class=\"elementor-widget-container\">\n\t\t\t\t\t<h1 class=\"elementor-heading-title elementor-size-default\">\u6ce2\u5229\u5c3c\u897f\u4e9a\u73af\u5883\u4fdd\u62a4\u8bf4\u660e<\/h1>\t\t\t\t<\/div>\n\t\t\t\t<\/div>\n\t\t\t\t<div class=\"elementor-element elementor-element-72927ee elementor-widget elementor-widget-eael-divider\" data-id=\"72927ee\" data-element_type=\"widget\" data-widget_type=\"eael-divider.default\">\n\t\t\t\t<div class=\"elementor-widget-container\">\n\t\t\t\t\t\t\t<div class=\"eael-divider-wrap divider-direction-horizontal\">\n\t\t\t\t\t\t\t<div class=\"eael-divider horizontal solid\"><\/div>\n\t\t\t\t\t<\/div>\n\t\t\t\t<\/div>\n\t\t\t\t<\/div>\n\t\t\t\t<div class=\"elementor-element elementor-element-db63115 elementor-widget elementor-widget-text-editor\" data-id=\"db63115\" data-element_type=\"widget\" data-widget_type=\"text-editor.default\">\n\t\t\t\t<div class=\"elementor-widget-container\">\n\t\t\t\t\t\t\t\t\t<p><strong>\u901a\u8fc7\u5e94\u7528\u8fd9 10 \u4e2a\u6280\u5de7\uff0c\u60a8\u6b63\u5728\u4e3a\u4fdd\u62a4\u6ce2\u5229\u5c3c\u897f\u4e9a\u58ee\u4e3d\u7684\u666f\u89c2\u548c\u72ec\u7279\u7684\u751f\u6001\u7cfb\u7edf\u505a\u51fa\u79ef\u6781\u7684\u8d21\u732e\u3002\u6bcf\u4e00\u4e2a\u4e3e\u52a8\uff0c\u65e0\u8bba\u591a\u4e48\u5fae\u5c0f\uff0c\u90fd\u6709\u52a9\u4e8e\u4fdd\u62a4\u8fd9\u4e00\u7279\u6b8a\u7684\u73af\u5883\uff0c\u786e\u4fdd\u5b50\u5b59\u540e\u4ee3\u4e5f\u80fd\u53d1\u73b0\u548c\u4eab\u53d7\u8fd9\u4e9b\u5929\u5802\u5c9b\u5c7f\u7684\u81ea\u7136\u7f8e\u666f\u3002<\/strong><\/p><p>1-\u4f7f\u7528\u751f\u6001\u9632\u6652\u971c\uff1a\u9009\u62e9\u5c0a\u91cd\u6d77\u6d0b\u3001\u4e0d\u542b\u5bf9\u73ca\u745a\u6709\u5bb3\u7684\u5316\u5b66\u7269\u8d28\u7684\u9632\u6652\u971c\u3002<\/p><p>2- \u4e0d\u8981\u89e6\u6478\u73ca\u745a\u6216\u5728\u73ca\u745a\u4e0a\u884c\u8d70\uff1a\u73ca\u745a\u662f\u8106\u5f31\u7684\u751f\u7269\u4f53\u3002\u907f\u514d\u89e6\u6478\u6216\u5728\u5176\u4e0a\u884c\u8d70\u4ee5\u4fdd\u62a4\u5176\u5065\u5eb7<\/p><p>3-\u5c0a\u91cd\u6d77\u6d0b\u91ce\u751f\u52a8\u7269\uff1a\u8fdc\u8ddd\u79bb\u89c2\u5bdf\u6d77\u6d0b\u52a8\u7269\uff0c\u4e0d\u8981\u89e6\u6478\u6216\u6253\u6270\u5b83\u4eec\u3002\u4e0d\u8981\u5582\u9c7c\u6216\u5176\u4ed6\u6d77\u6d0b\u751f\u7269\u3002<\/p><p>4-\u51cf\u5c11\u5851\u6599\u5783\u573e\uff1a\u81ea\u5e26\u53ef\u91cd\u590d\u4f7f\u7528\u7684\u6c34\u74f6\u5e76\u62d2\u7edd\u5851\u6599\u888b\u3002\u5c06\u5e9f\u7269\u653e\u5165\u9002\u5f53\u7684\u5783\u573e\u7bb1\u4e2d\u3002<\/p><p>5-\u907f\u514d\u6536\u96c6\u5929\u7136\u7eaa\u5ff5\u54c1\uff1a\u4e0d\u8981\u6536\u96c6\u8d1d\u58f3\u3001\u6c99\u5b50\u6216\u73ca\u745a\uff0c\u4ee5\u514d\u6270\u4e71\u751f\u6001\u7cfb\u7edf\u3002<\/p><p>6- \u9650\u5236\u6c34\u548c\u80fd\u6e90\u6d88\u8017\uff1a\u6de1\u6c34\u5728\u6ce2\u5229\u5c3c\u897f\u4e9a\u975e\u5e38\u73cd\u8d35\u3002\u77ed\u6682\u6dcb\u6d74\u5e76\u5173\u95ed\u4e0d\u4f7f\u7528\u7684\u706f\u548c\u7535\u5b50\u8bbe\u5907\u3002<\/p><p>7- \u5c0a\u91cd\u6709\u6807\u8bb0\u7684\u5c0f\u5f84\uff1a\u5f92\u6b65\u65c5\u884c\u65f6\uff0c\u8bf7\u7559\u5728\u6709\u6807\u8bb0\u7684\u5c0f\u5f84\u4e0a\uff0c\u4ee5\u514d\u7834\u574f\u690d\u88ab\u548c\u81ea\u7136\u73af\u5883\u3002<\/p><p>8- \u53c2\u4e0e\u8d1f\u8d23\u4efb\u7684\u6d3b\u52a8\uff1a\u9009\u62e9\u5c0a\u91cd\u548c\u4fdd\u62a4\u73af\u5883\u5e76\u652f\u6301\u5f53\u5730\u793e\u533a\u7684\u751f\u6001\u65c5\u6e38\u548c\u6d3b\u52a8\u3002<\/p><p>9-\u4e0d\u8981\u5411\u6d77\u91cc\u6254\u4e1c\u897f\uff1a\u907f\u514d\u5411\u6c34\u4e2d\u6254\u4efb\u4f55\u4e1c\u897f\uff0c\u751a\u81f3\u662f\u6709\u673a\u5e9f\u7269\uff0c\u4ee5\u4fdd\u62a4\u6d77\u6d0b\u7684\u7eaf\u51c0\u3002<\/p><p>10- \u652f\u6301\u5f53\u5730\u4e3e\u63aa\uff1a\u9f13\u52b1\u5f53\u5730\u5de5\u5320\uff0c\u6d88\u8d39\u5f53\u5730\u4ea7\u54c1\u5e76\u5c0a\u91cd\u4e0e\u4fdd\u62a4\u81ea\u7136\u5bc6\u5207\u76f8\u5173\u7684\u6ce2\u5229\u5c3c\u897f\u4e9a\u6587\u5316\u548c\u4f20\u7edf\u3002\u00a0<\/p><p>\u00a0<\/p>\t\t\t\t\t\t\t\t<\/div>\n\t\t\t\t<\/div>\n\t\t\t\t<div class=\"elementor-element elementor-element-4e26b35 animated-slow elementor-invisible elementor-widget elementor-widget-heading\" data-id=\"4e26b35\" data-element_type=\"widget\" data-settings=\"{&quot;_animation&quot;:&quot;fadeInRight&quot;}\" data-widget_type=\"heading.default\">\n\t\t\t\t<div class=\"elementor-widget-container\">\n\t\t\t\t\t<h6 class=\"elementor-heading-title elementor-size-default\">\u6bdb\u9c81\u9c81\uff01<\/h6>\t\t\t\t<\/div>\n\t\t\t\t<\/div>\n\t\t\t\t<div class=\"elementor-element elementor-element-e7e3099 dce_masking-none elementor-widget elementor-widget-image\" data-id=\"e7e3099\" data-element_type=\"widget\" data-widget_type=\"image.default\">\n\t\t\t\t<div class=\"elementor-widget-container\">\n\t\t\t\t\t\t\t\t\t\t\t\t\t\t\t<img decoding=\"async\" width=\"922\" height=\"1156\" src=\"https:\/\/tahitinuitravel.com\/wp-content\/uploads\/2024\/10\/picto-infos-prtaiques.png\" class=\"attachment-full size-full wp-image-38177\" alt=\"\" srcset=\"https:\/\/tahitinuitravel.com\/wp-content\/uploads\/2024\/10\/picto-infos-prtaiques.png 922w, https:\/\/tahitinuitravel.com\/wp-content\/uploads\/2024\/10\/picto-infos-prtaiques-239x300.png 239w, https:\/\/tahitinuitravel.com\/wp-content\/uploads\/2024\/10\/picto-infos-prtaiques-817x1024.png 817w, https:\/\/tahitinuitravel.com\/wp-content\/uploads\/2024\/10\/picto-infos-prtaiques-768x963.png 768w, https:\/\/tahitinuitravel.com\/wp-content\/uploads\/2024\/10\/picto-infos-prtaiques-10x12.png 10w\" sizes=\"(max-width: 922px) 100vw, 922px\" \/>\t\t\t\t\t\t\t\t\t\t\t\t\t\t\t<\/div>\n\t\t\t\t<\/div>\n\t\t\t\t\t<\/div>\n\t\t\t\t<\/div>\n\t\t\t\t<\/div>","protected":false},"excerpt":{"rendered":"<p>\u4fdd\u62a4\u6ce2\u5229\u5c3c\u897f\u4e9a\u73af\u5883\u7684\u6307\u5357\u901a\u8fc7\u9075\u5faa\u8fd9 10 \u6761\u63d0\u793a\uff0c\u60a8\u5c06\u79ef\u6781\u4e3a\u4fdd\u62a4\u6ce2\u5229\u5c3c\u897f\u4e9a\u58ee\u4e3d\u7684\u666f\u89c2\u548c\u72ec\u7279\u7684\u751f\u6001\u7cfb\u7edf\u505a\u51fa\u8d21\u732e\u3002\u6bcf\u4e00\u4e2a\u52a8\u4f5c\uff0c\u65e0\u8bba\u591a\u4e48\u5fae\u5c0f\uff0c[\u2026]<\/p>","protected":false},"author":1,"featured_media":0,"parent":0,"menu_order":0,"comment_status":"closed","ping_status":"closed","template":"","meta":{"_acf_changed":false,"footnotes":""},"class_list":["post-36447","page","type-page","status-publish","hentry"],"acf":[],"yoast_head":"<!-- This site is optimized with the Yoast SEO plugin v24.8.1 - https:\/\/yoast.com\/wordpress\/plugins\/seo\/ -->\n<title>Infos pratiques - Tahiti Nui Travel<\/title>\n<meta name=\"robots\" content=\"index, follow, max-snippet:-1, max-image-preview:large, max-video-preview:-1\" \/>\n<link rel=\"canonical\" href=\"https:\/\/tahitinuitravel.com\/zh\/infos-pratiques\/\" \/>\n<meta property=\"og:locale\" content=\"zh_CN\" \/>\n<meta property=\"og:type\" content=\"article\" \/>\n<meta property=\"og:title\" content=\"Infos pratiques - Tahiti Nui Travel\" \/>\n<meta property=\"og:description\" content=\"CONSIGNES POUR PR\u00c9SERVER L\u2019ENVIRONNEMENT EN POLYN\u00c9SIE En appliquant ces 10 conseils, vous contribuez activement \u00e0 la pr\u00e9servation des magnifiques paysages et \u00e9cosyst\u00e8mes uniques de laPolyn\u00e9sie. Chaque geste, aussi petit soit-il, [&hellip;]\" \/>\n<meta property=\"og:url\" content=\"https:\/\/tahitinuitravel.com\/zh\/infos-pratiques\/\" \/>\n<meta property=\"og:site_name\" content=\"Tahiti Nui Travel\" \/>\n<meta property=\"article:modified_time\" content=\"2024-10-24T21:11:03+00:00\" \/>\n<meta property=\"og:image\" content=\"https:\/\/tahitinuitravel.com\/wp-content\/uploads\/2024\/10\/picto-infos-prtaiques.png\" \/>\n\t<meta property=\"og:image:width\" content=\"922\" \/>\n\t<meta property=\"og:image:height\" content=\"1156\" \/>\n\t<meta property=\"og:image:type\" content=\"image\/png\" \/>\n<meta name=\"twitter:card\" content=\"summary_large_image\" \/>\n<meta name=\"twitter:label1\" content=\"\u9884\u8ba1\u9605\u8bfb\u65f6\u95f4\" \/>\n\t<meta name=\"twitter:data1\" content=\"2 \u5206\" \/>\n<script type=\"application\/ld+json\" class=\"yoast-schema-graph\">{\"@context\":\"https:\/\/schema.org\",\"@graph\":[{\"@type\":\"WebPage\",\"@id\":\"https:\/\/tahitinuitravel.com\/infos-pratiques\/\",\"url\":\"https:\/\/tahitinuitravel.com\/infos-pratiques\/\",\"name\":\"Infos pratiques - Tahiti Nui Travel\",\"isPartOf\":{\"@id\":\"https:\/\/tahitinuitravel.com\/#website\"},\"primaryImageOfPage\":{\"@id\":\"https:\/\/tahitinuitravel.com\/infos-pratiques\/#primaryimage\"},\"image\":{\"@id\":\"https:\/\/tahitinuitravel.com\/infos-pratiques\/#primaryimage\"},\"thumbnailUrl\":\"https:\/\/tahitinuitravel.com\/wp-content\/uploads\/2024\/10\/picto-infos-prtaiques.png\",\"datePublished\":\"2024-06-26T22:45:26+00:00\",\"dateModified\":\"2024-10-24T21:11:03+00:00\",\"breadcrumb\":{\"@id\":\"https:\/\/tahitinuitravel.com\/infos-pratiques\/#breadcrumb\"},\"inLanguage\":\"zh-Hans\",\"potentialAction\":[{\"@type\":\"ReadAction\",\"target\":[\"https:\/\/tahitinuitravel.com\/infos-pratiques\/\"]}]},{\"@type\":\"ImageObject\",\"inLanguage\":\"zh-Hans\",\"@id\":\"https:\/\/tahitinuitravel.com\/infos-pratiques\/#primaryimage\",\"url\":\"https:\/\/tahitinuitravel.com\/wp-content\/uploads\/2024\/10\/picto-infos-prtaiques.png\",\"contentUrl\":\"https:\/\/tahitinuitravel.com\/wp-content\/uploads\/2024\/10\/picto-infos-prtaiques.png\"},{\"@type\":\"BreadcrumbList\",\"@id\":\"https:\/\/tahitinuitravel.com\/infos-pratiques\/#breadcrumb\",\"itemListElement\":[{\"@type\":\"ListItem\",\"position\":1,\"name\":\"Home\",\"item\":\"https:\/\/tahitinuitravel.com\/\"},{\"@type\":\"ListItem\",\"position\":2,\"name\":\"Infos pratiques\"}]},{\"@type\":\"WebSite\",\"@id\":\"https:\/\/tahitinuitravel.com\/#website\",\"url\":\"https:\/\/tahitinuitravel.com\/\",\"name\":\"Tahiti Nui Travel\",\"description\":\"Tahiti Nui Travel est le leader incontest\u00e9 des voyages \u00e0 Tahiti et ses \u00eeles depuis 1965\",\"publisher\":{\"@id\":\"https:\/\/tahitinuitravel.com\/#organization\"},\"potentialAction\":[{\"@type\":\"SearchAction\",\"target\":{\"@type\":\"EntryPoint\",\"urlTemplate\":\"https:\/\/tahitinuitravel.com\/?s={search_term_string}\"},\"query-input\":{\"@type\":\"PropertyValueSpecification\",\"valueRequired\":true,\"valueName\":\"search_term_string\"}}],\"inLanguage\":\"zh-Hans\"},{\"@type\":\"Organization\",\"@id\":\"https:\/\/tahitinuitravel.com\/#organization\",\"name\":\"Tahiti Nui Travel\",\"url\":\"https:\/\/tahitinuitravel.com\/\",\"logo\":{\"@type\":\"ImageObject\",\"inLanguage\":\"zh-Hans\",\"@id\":\"https:\/\/tahitinuitravel.com\/#\/schema\/logo\/image\/\",\"url\":\"https:\/\/tahitinuitravel.com\/wp-content\/uploads\/2023\/12\/ZEN-COMPTAFichier-2.png\",\"contentUrl\":\"https:\/\/tahitinuitravel.com\/wp-content\/uploads\/2023\/12\/ZEN-COMPTAFichier-2.png\",\"width\":1500,\"height\":209,\"caption\":\"Tahiti Nui Travel\"},\"image\":{\"@id\":\"https:\/\/tahitinuitravel.com\/#\/schema\/logo\/image\/\"}}]}<\/script>\n<!-- \/ Yoast SEO plugin. -->","yoast_head_json":{"title":"Infos pratiques - Tahiti Nui Travel","robots":{"index":"index","follow":"follow","max-snippet":"max-snippet:-1","max-image-preview":"max-image-preview:large","max-video-preview":"max-video-preview:-1"},"canonical":"https:\/\/tahitinuitravel.com\/zh\/infos-pratiques\/","og_locale":"zh_CN","og_type":"article","og_title":"Infos pratiques - Tahiti Nui Travel","og_description":"CONSIGNES POUR PR\u00c9SERVER L\u2019ENVIRONNEMENT EN POLYN\u00c9SIE En appliquant ces 10 conseils, vous contribuez activement \u00e0 la pr\u00e9servation des magnifiques paysages et \u00e9cosyst\u00e8mes uniques de laPolyn\u00e9sie. Chaque geste, aussi petit soit-il, [&hellip;]","og_url":"https:\/\/tahitinuitravel.com\/zh\/infos-pratiques\/","og_site_name":"Tahiti Nui Travel","article_modified_time":"2024-10-24T21:11:03+00:00","og_image":[{"width":922,"height":1156,"url":"https:\/\/tahitinuitravel.com\/wp-content\/uploads\/2024\/10\/picto-infos-prtaiques.png","type":"image\/png"}],"twitter_card":"summary_large_image","twitter_misc":{"\u9884\u8ba1\u9605\u8bfb\u65f6\u95f4":"2 \u5206"},"schema":{"@context":"https:\/\/schema.org","@graph":[{"@type":"WebPage","@id":"https:\/\/tahitinuitravel.com\/infos-pratiques\/","url":"https:\/\/tahitinuitravel.com\/infos-pratiques\/","name":"Infos pratiques - Tahiti Nui Travel","isPartOf":{"@id":"https:\/\/tahitinuitravel.com\/#website"},"primaryImageOfPage":{"@id":"https:\/\/tahitinuitravel.com\/infos-pratiques\/#primaryimage"},"image":{"@id":"https:\/\/tahitinuitravel.com\/infos-pratiques\/#primaryimage"},"thumbnailUrl":"https:\/\/tahitinuitravel.com\/wp-content\/uploads\/2024\/10\/picto-infos-prtaiques.png","datePublished":"2024-06-26T22:45:26+00:00","dateModified":"2024-10-24T21:11:03+00:00","breadcrumb":{"@id":"https:\/\/tahitinuitravel.com\/infos-pratiques\/#breadcrumb"},"inLanguage":"zh-Hans","potentialAction":[{"@type":"ReadAction","target":["https:\/\/tahitinuitravel.com\/infos-pratiques\/"]}]},{"@type":"ImageObject","inLanguage":"zh-Hans","@id":"https:\/\/tahitinuitravel.com\/infos-pratiques\/#primaryimage","url":"https:\/\/tahitinuitravel.com\/wp-content\/uploads\/2024\/10\/picto-infos-prtaiques.png","contentUrl":"https:\/\/tahitinuitravel.com\/wp-content\/uploads\/2024\/10\/picto-infos-prtaiques.png"},{"@type":"BreadcrumbList","@id":"https:\/\/tahitinuitravel.com\/infos-pratiques\/#breadcrumb","itemListElement":[{"@type":"ListItem","position":1,"name":"Home","item":"https:\/\/tahitinuitravel.com\/"},{"@type":"ListItem","position":2,"name":"Infos pratiques"}]},{"@type":"WebSite","@id":"https:\/\/tahitinuitravel.com\/#website","url":"https:\/\/tahitinuitravel.com\/","name":"Tahiti Nui Travel","description":"Tahiti Nui Travel est le leader incontest\u00e9 des voyages \u00e0 Tahiti et ses \u00eeles depuis 1965","publisher":{"@id":"https:\/\/tahitinuitravel.com\/#organization"},"potentialAction":[{"@type":"SearchAction","target":{"@type":"EntryPoint","urlTemplate":"https:\/\/tahitinuitravel.com\/?s={search_term_string}"},"query-input":{"@type":"PropertyValueSpecification","valueRequired":true,"valueName":"search_term_string"}}],"inLanguage":"zh-Hans"},{"@type":"Organization","@id":"https:\/\/tahitinuitravel.com\/#organization","name":"Tahiti Nui Travel","url":"https:\/\/tahitinuitravel.com\/","logo":{"@type":"ImageObject","inLanguage":"zh-Hans","@id":"https:\/\/tahitinuitravel.com\/#\/schema\/logo\/image\/","url":"https:\/\/tahitinuitravel.com\/wp-content\/uploads\/2023\/12\/ZEN-COMPTAFichier-2.png","contentUrl":"https:\/\/tahitinuitravel.com\/wp-content\/uploads\/2023\/12\/ZEN-COMPTAFichier-2.png","width":1500,"height":209,"caption":"Tahiti Nui Travel"},"image":{"@id":"https:\/\/tahitinuitravel.com\/#\/schema\/logo\/image\/"}}]}},"_links":{"self":[{"href":"https:\/\/tahitinuitravel.com\/zh\/wp-json\/wp\/v2\/pages\/36447","targetHints":{"allow":["GET"]}}],"collection":[{"href":"https:\/\/tahitinuitravel.com\/zh\/wp-json\/wp\/v2\/pages"}],"about":[{"href":"https:\/\/tahitinuitravel.com\/zh\/wp-json\/wp\/v2\/types\/page"}],"author":[{"embeddable":true,"href":"https:\/\/tahitinuitravel.com\/zh\/wp-json\/wp\/v2\/users\/1"}],"replies":[{"embeddable":true,"href":"https:\/\/tahitinuitravel.com\/zh\/wp-json\/wp\/v2\/comments?post=36447"}],"version-history":[{"count":0,"href":"https:\/\/tahitinuitravel.com\/zh\/wp-json\/wp\/v2\/pages\/36447\/revisions"}],"wp:attachment":[{"href":"https:\/\/tahitinuitravel.com\/zh\/wp-json\/wp\/v2\/media?parent=36447"}],"curies":[{"name":"wp","href":"https:\/\/api.w.org\/{rel}","templated":true}]}}