{"id":36447,"date":"2024-06-26T12:45:26","date_gmt":"2024-06-26T22:45:26","guid":{"rendered":"https:\/\/tahitinuitravel.com\/?page_id=36447"},"modified":"2024-10-24T11:11:03","modified_gmt":"2024-10-24T21:11:03","slug":"infos-pratiques","status":"publish","type":"page","link":"https:\/\/tahitinuitravel.com\/pt\/infos-pratiques\/","title":{"rendered":"Informa\u00e7\u00f5es pr\u00e1ticas"},"content":{"rendered":"<div data-elementor-type=\"wp-page\" data-elementor-id=\"36447\" class=\"elementor elementor-36447\" data-elementor-settings=\"{&quot;element_pack_global_tooltip_width&quot;:{&quot;unit&quot;:&quot;px&quot;,&quot;size&quot;:&quot;&quot;,&quot;sizes&quot;:[]},&quot;element_pack_global_tooltip_width_tablet&quot;:{&quot;unit&quot;:&quot;px&quot;,&quot;size&quot;:&quot;&quot;,&quot;sizes&quot;:[]},&quot;element_pack_global_tooltip_width_mobile&quot;:{&quot;unit&quot;:&quot;px&quot;,&quot;size&quot;:&quot;&quot;,&quot;sizes&quot;:[]},&quot;element_pack_global_tooltip_padding&quot;:{&quot;unit&quot;:&quot;px&quot;,&quot;top&quot;:&quot;&quot;,&quot;right&quot;:&quot;&quot;,&quot;bottom&quot;:&quot;&quot;,&quot;left&quot;:&quot;&quot;,&quot;isLinked&quot;:true},&quot;element_pack_global_tooltip_padding_tablet&quot;:{&quot;unit&quot;:&quot;px&quot;,&quot;top&quot;:&quot;&quot;,&quot;right&quot;:&quot;&quot;,&quot;bottom&quot;:&quot;&quot;,&quot;left&quot;:&quot;&quot;,&quot;isLinked&quot;:true},&quot;element_pack_global_tooltip_padding_mobile&quot;:{&quot;unit&quot;:&quot;px&quot;,&quot;top&quot;:&quot;&quot;,&quot;right&quot;:&quot;&quot;,&quot;bottom&quot;:&quot;&quot;,&quot;left&quot;:&quot;&quot;,&quot;isLinked&quot;:true},&quot;element_pack_global_tooltip_border_radius&quot;:{&quot;unit&quot;:&quot;px&quot;,&quot;top&quot;:&quot;&quot;,&quot;right&quot;:&quot;&quot;,&quot;bottom&quot;:&quot;&quot;,&quot;left&quot;:&quot;&quot;,&quot;isLinked&quot;:true},&quot;element_pack_global_tooltip_border_radius_tablet&quot;:{&quot;unit&quot;:&quot;px&quot;,&quot;top&quot;:&quot;&quot;,&quot;right&quot;:&quot;&quot;,&quot;bottom&quot;:&quot;&quot;,&quot;left&quot;:&quot;&quot;,&quot;isLinked&quot;:true},&quot;element_pack_global_tooltip_border_radius_mobile&quot;:{&quot;unit&quot;:&quot;px&quot;,&quot;top&quot;:&quot;&quot;,&quot;right&quot;:&quot;&quot;,&quot;bottom&quot;:&quot;&quot;,&quot;left&quot;:&quot;&quot;,&quot;isLinked&quot;:true}}\" data-elementor-post-type=\"page\">\n\t\t\t\t<div data-particle_enable=\"false\" data-particle-mobile-disabled=\"false\" data-dce-background-overlay-color=\"#000000\" data-dce-background-image-url=\"https:\/\/tahitinuitravel.com\/wp-content\/uploads\/2024\/10\/couverture-infos-pratiques.png\" class=\"elementor-element elementor-element-8d93d69 e-con-full e-flex e-con e-parent\" data-id=\"8d93d69\" data-element_type=\"container\" data-settings=\"{&quot;background_background&quot;:&quot;classic&quot;}\">\n\t\t\t\t<\/div>\n\t\t<div data-particle_enable=\"false\" data-particle-mobile-disabled=\"false\" class=\"elementor-element elementor-element-f2b11cb e-flex e-con-boxed elementor-invisible e-con e-child\" data-id=\"f2b11cb\" data-element_type=\"container\" data-settings=\"{&quot;animation&quot;:&quot;fadeInRight&quot;}\">\n\t\t\t\t\t<div class=\"e-con-inner\">\n\t\t\t\t<div class=\"elementor-element elementor-element-986137e elementor-widget__width-inherit elementor-widget elementor-widget-heading\" data-id=\"986137e\" data-element_type=\"widget\" data-widget_type=\"heading.default\">\n\t\t\t\t<div class=\"elementor-widget-container\">\n\t\t\t\t\t<h1 class=\"elementor-heading-title elementor-size-default\">INSTRU\u00c7\u00d5ES PARA PRESERVAR O MEIO AMBIENTE NA POLIN\u00c9SIA<\/h1>\t\t\t\t<\/div>\n\t\t\t\t<\/div>\n\t\t\t\t<div class=\"elementor-element elementor-element-72927ee elementor-widget elementor-widget-eael-divider\" data-id=\"72927ee\" data-element_type=\"widget\" data-widget_type=\"eael-divider.default\">\n\t\t\t\t<div class=\"elementor-widget-container\">\n\t\t\t\t\t\t\t<div class=\"eael-divider-wrap divider-direction-horizontal\">\n\t\t\t\t\t\t\t<div class=\"eael-divider horizontal solid\"><\/div>\n\t\t\t\t\t<\/div>\n\t\t\t\t<\/div>\n\t\t\t\t<\/div>\n\t\t\t\t<div class=\"elementor-element elementor-element-db63115 elementor-widget elementor-widget-text-editor\" data-id=\"db63115\" data-element_type=\"widget\" data-widget_type=\"text-editor.default\">\n\t\t\t\t<div class=\"elementor-widget-container\">\n\t\t\t\t\t\t\t\t\t<p><strong>Ao aplicar essas 10 dicas, voc\u00ea estar\u00e1 contribuindo ativamente para a preserva\u00e7\u00e3o das magn\u00edficas paisagens e ecossistemas \u00fanicos da Polin\u00e9sia. Cada gesto, por menor que seja, ajuda a preservar esse ambiente excepcional, garantindo que as gera\u00e7\u00f5es futuras tamb\u00e9m possam descobrir e desfrutar da beleza natural dessas ilhas paradis\u00edacas.<\/strong><\/p><p>1- Use protetor solar ecol\u00f3gico: escolha um protetor solar que n\u00e3o agrida os oceanos, sem produtos qu\u00edmicos que agridam os corais.<\/p><p>2- N\u00e3o toque nem ande sobre os corais: Os corais s\u00e3o organismos vivos fr\u00e1geis. Evite manuse\u00e1-los ou andar sobre eles para preservar sua sa\u00fade<\/p><p>3- Respeite a vida marinha: Observe os animais marinhos \u00e0 dist\u00e2ncia, sem toc\u00e1-los ou perturb\u00e1-los. N\u00e3o alimente peixes ou outras criaturas marinhas.<\/p><p>4- Reduza o desperd\u00edcio de pl\u00e1stico: Leve sua pr\u00f3pria garrafa de \u00e1gua reutiliz\u00e1vel e recuse sacolas pl\u00e1sticas. Descarte seus res\u00edduos em lixeiras apropriadas.<\/p><p>5- Evite coletar souvenirs naturais: N\u00e3o colete conchas, areia ou corais para n\u00e3o perturbar o ecossistema.<\/p><p>6- Limite o consumo de \u00e1gua e energia: A \u00e1gua doce \u00e9 preciosa na Polin\u00e9sia. Tome banhos curtos e desligue as luzes e os aparelhos eletr\u00f4nicos quando n\u00e3o estiverem em uso.<\/p><p>7- Respeite as trilhas demarcadas: Ao caminhar, permane\u00e7a nas trilhas demarcadas para n\u00e3o danificar a vegeta\u00e7\u00e3o e o meio ambiente.<\/p><p>8- Participe de atividades respons\u00e1veis: Escolha passeios e atividades de ecoturismo que respeitem e preservem o meio ambiente e apoiem as comunidades locais.<\/p><p>9- N\u00e3o jogue objetos no mar: Evite jogar qualquer coisa na \u00e1gua, mesmo res\u00edduos org\u00e2nicos, para preservar a pureza do oceano.<\/p><p>10- Apoie iniciativas locais: incentive os artes\u00e3os locais, consuma produtos locais e respeite as culturas e tradi\u00e7\u00f5es polin\u00e9sias, que est\u00e3o intimamente ligadas \u00e0 prote\u00e7\u00e3o da natureza.\u00a0<\/p><p>\u00a0<\/p>\t\t\t\t\t\t\t\t<\/div>\n\t\t\t\t<\/div>\n\t\t\t\t<div class=\"elementor-element elementor-element-4e26b35 animated-slow elementor-invisible elementor-widget elementor-widget-heading\" data-id=\"4e26b35\" data-element_type=\"widget\" data-settings=\"{&quot;_animation&quot;:&quot;fadeInRight&quot;}\" data-widget_type=\"heading.default\">\n\t\t\t\t<div class=\"elementor-widget-container\">\n\t\t\t\t\t<h6 class=\"elementor-heading-title elementor-size-default\">Mauruuru!<\/h6>\t\t\t\t<\/div>\n\t\t\t\t<\/div>\n\t\t\t\t<div class=\"elementor-element elementor-element-e7e3099 dce_masking-none elementor-widget elementor-widget-image\" data-id=\"e7e3099\" data-element_type=\"widget\" data-widget_type=\"image.default\">\n\t\t\t\t<div class=\"elementor-widget-container\">\n\t\t\t\t\t\t\t\t\t\t\t\t\t\t\t<img decoding=\"async\" width=\"922\" height=\"1156\" src=\"https:\/\/tahitinuitravel.com\/wp-content\/uploads\/2024\/10\/picto-infos-prtaiques.png\" class=\"attachment-full size-full wp-image-38177\" alt=\"\" srcset=\"https:\/\/tahitinuitravel.com\/wp-content\/uploads\/2024\/10\/picto-infos-prtaiques.png 922w, https:\/\/tahitinuitravel.com\/wp-content\/uploads\/2024\/10\/picto-infos-prtaiques-239x300.png 239w, https:\/\/tahitinuitravel.com\/wp-content\/uploads\/2024\/10\/picto-infos-prtaiques-817x1024.png 817w, https:\/\/tahitinuitravel.com\/wp-content\/uploads\/2024\/10\/picto-infos-prtaiques-768x963.png 768w, https:\/\/tahitinuitravel.com\/wp-content\/uploads\/2024\/10\/picto-infos-prtaiques-10x12.png 10w\" sizes=\"(max-width: 922px) 100vw, 922px\" \/>\t\t\t\t\t\t\t\t\t\t\t\t\t\t\t<\/div>\n\t\t\t\t<\/div>\n\t\t\t\t\t<\/div>\n\t\t\t\t<\/div>\n\t\t\t\t<\/div>","protected":false},"excerpt":{"rendered":"<p>DIRETRIZES PARA PRESERVAR O MEIO AMBIENTE NA POLIN\u00c9SIA Ao seguir essas 10 dicas, voc\u00ea estar\u00e1 contribuindo ativamente para a preserva\u00e7\u00e3o das magn\u00edficas paisagens e dos ecossistemas \u00fanicos da Polin\u00e9sia. Cada gesto, por menor que seja, [\u2026]<\/p>","protected":false},"author":1,"featured_media":0,"parent":0,"menu_order":0,"comment_status":"closed","ping_status":"closed","template":"","meta":{"_acf_changed":false,"footnotes":""},"class_list":["post-36447","page","type-page","status-publish","hentry"],"acf":[],"yoast_head":"<!-- This site is optimized with the Yoast SEO plugin v24.8.1 - https:\/\/yoast.com\/wordpress\/plugins\/seo\/ -->\n<title>Infos pratiques - Tahiti Nui Travel<\/title>\n<meta name=\"robots\" content=\"index, follow, max-snippet:-1, max-image-preview:large, max-video-preview:-1\" \/>\n<link rel=\"canonical\" href=\"https:\/\/tahitinuitravel.com\/pt\/infos-pratiques\/\" \/>\n<meta property=\"og:locale\" content=\"pt_PT\" \/>\n<meta property=\"og:type\" content=\"article\" \/>\n<meta property=\"og:title\" content=\"Infos pratiques - Tahiti Nui Travel\" \/>\n<meta property=\"og:description\" content=\"CONSIGNES POUR PR\u00c9SERVER L\u2019ENVIRONNEMENT EN POLYN\u00c9SIE En appliquant ces 10 conseils, vous contribuez activement \u00e0 la pr\u00e9servation des magnifiques paysages et \u00e9cosyst\u00e8mes uniques de laPolyn\u00e9sie. Chaque geste, aussi petit soit-il, [&hellip;]\" \/>\n<meta property=\"og:url\" content=\"https:\/\/tahitinuitravel.com\/pt\/infos-pratiques\/\" \/>\n<meta property=\"og:site_name\" content=\"Tahiti Nui Travel\" \/>\n<meta property=\"article:modified_time\" content=\"2024-10-24T21:11:03+00:00\" \/>\n<meta property=\"og:image\" content=\"https:\/\/tahitinuitravel.com\/wp-content\/uploads\/2024\/10\/picto-infos-prtaiques.png\" \/>\n\t<meta property=\"og:image:width\" content=\"922\" \/>\n\t<meta property=\"og:image:height\" content=\"1156\" \/>\n\t<meta property=\"og:image:type\" content=\"image\/png\" \/>\n<meta name=\"twitter:card\" content=\"summary_large_image\" \/>\n<meta name=\"twitter:label1\" content=\"Tempo estimado de leitura\" \/>\n\t<meta name=\"twitter:data1\" content=\"2 minutos\" \/>\n<script type=\"application\/ld+json\" class=\"yoast-schema-graph\">{\"@context\":\"https:\/\/schema.org\",\"@graph\":[{\"@type\":\"WebPage\",\"@id\":\"https:\/\/tahitinuitravel.com\/infos-pratiques\/\",\"url\":\"https:\/\/tahitinuitravel.com\/infos-pratiques\/\",\"name\":\"Infos pratiques - Tahiti Nui Travel\",\"isPartOf\":{\"@id\":\"https:\/\/tahitinuitravel.com\/#website\"},\"primaryImageOfPage\":{\"@id\":\"https:\/\/tahitinuitravel.com\/infos-pratiques\/#primaryimage\"},\"image\":{\"@id\":\"https:\/\/tahitinuitravel.com\/infos-pratiques\/#primaryimage\"},\"thumbnailUrl\":\"https:\/\/tahitinuitravel.com\/wp-content\/uploads\/2024\/10\/picto-infos-prtaiques.png\",\"datePublished\":\"2024-06-26T22:45:26+00:00\",\"dateModified\":\"2024-10-24T21:11:03+00:00\",\"breadcrumb\":{\"@id\":\"https:\/\/tahitinuitravel.com\/infos-pratiques\/#breadcrumb\"},\"inLanguage\":\"pt-PT\",\"potentialAction\":[{\"@type\":\"ReadAction\",\"target\":[\"https:\/\/tahitinuitravel.com\/infos-pratiques\/\"]}]},{\"@type\":\"ImageObject\",\"inLanguage\":\"pt-PT\",\"@id\":\"https:\/\/tahitinuitravel.com\/infos-pratiques\/#primaryimage\",\"url\":\"https:\/\/tahitinuitravel.com\/wp-content\/uploads\/2024\/10\/picto-infos-prtaiques.png\",\"contentUrl\":\"https:\/\/tahitinuitravel.com\/wp-content\/uploads\/2024\/10\/picto-infos-prtaiques.png\"},{\"@type\":\"BreadcrumbList\",\"@id\":\"https:\/\/tahitinuitravel.com\/infos-pratiques\/#breadcrumb\",\"itemListElement\":[{\"@type\":\"ListItem\",\"position\":1,\"name\":\"Home\",\"item\":\"https:\/\/tahitinuitravel.com\/\"},{\"@type\":\"ListItem\",\"position\":2,\"name\":\"Infos pratiques\"}]},{\"@type\":\"WebSite\",\"@id\":\"https:\/\/tahitinuitravel.com\/#website\",\"url\":\"https:\/\/tahitinuitravel.com\/\",\"name\":\"Tahiti Nui Travel\",\"description\":\"Tahiti Nui Travel est le leader incontest\u00e9 des voyages \u00e0 Tahiti et ses \u00eeles depuis 1965\",\"publisher\":{\"@id\":\"https:\/\/tahitinuitravel.com\/#organization\"},\"potentialAction\":[{\"@type\":\"SearchAction\",\"target\":{\"@type\":\"EntryPoint\",\"urlTemplate\":\"https:\/\/tahitinuitravel.com\/?s={search_term_string}\"},\"query-input\":{\"@type\":\"PropertyValueSpecification\",\"valueRequired\":true,\"valueName\":\"search_term_string\"}}],\"inLanguage\":\"pt-PT\"},{\"@type\":\"Organization\",\"@id\":\"https:\/\/tahitinuitravel.com\/#organization\",\"name\":\"Tahiti Nui Travel\",\"url\":\"https:\/\/tahitinuitravel.com\/\",\"logo\":{\"@type\":\"ImageObject\",\"inLanguage\":\"pt-PT\",\"@id\":\"https:\/\/tahitinuitravel.com\/#\/schema\/logo\/image\/\",\"url\":\"https:\/\/tahitinuitravel.com\/wp-content\/uploads\/2023\/12\/ZEN-COMPTAFichier-2.png\",\"contentUrl\":\"https:\/\/tahitinuitravel.com\/wp-content\/uploads\/2023\/12\/ZEN-COMPTAFichier-2.png\",\"width\":1500,\"height\":209,\"caption\":\"Tahiti Nui Travel\"},\"image\":{\"@id\":\"https:\/\/tahitinuitravel.com\/#\/schema\/logo\/image\/\"}}]}<\/script>\n<!-- \/ Yoast SEO plugin. -->","yoast_head_json":{"title":"Infos pratiques - Tahiti Nui Travel","robots":{"index":"index","follow":"follow","max-snippet":"max-snippet:-1","max-image-preview":"max-image-preview:large","max-video-preview":"max-video-preview:-1"},"canonical":"https:\/\/tahitinuitravel.com\/pt\/infos-pratiques\/","og_locale":"pt_PT","og_type":"article","og_title":"Infos pratiques - Tahiti Nui Travel","og_description":"CONSIGNES POUR PR\u00c9SERVER L\u2019ENVIRONNEMENT EN POLYN\u00c9SIE En appliquant ces 10 conseils, vous contribuez activement \u00e0 la pr\u00e9servation des magnifiques paysages et \u00e9cosyst\u00e8mes uniques de laPolyn\u00e9sie. Chaque geste, aussi petit soit-il, [&hellip;]","og_url":"https:\/\/tahitinuitravel.com\/pt\/infos-pratiques\/","og_site_name":"Tahiti Nui Travel","article_modified_time":"2024-10-24T21:11:03+00:00","og_image":[{"width":922,"height":1156,"url":"https:\/\/tahitinuitravel.com\/wp-content\/uploads\/2024\/10\/picto-infos-prtaiques.png","type":"image\/png"}],"twitter_card":"summary_large_image","twitter_misc":{"Tempo estimado de leitura":"2 minutos"},"schema":{"@context":"https:\/\/schema.org","@graph":[{"@type":"WebPage","@id":"https:\/\/tahitinuitravel.com\/infos-pratiques\/","url":"https:\/\/tahitinuitravel.com\/infos-pratiques\/","name":"Infos pratiques - Tahiti Nui Travel","isPartOf":{"@id":"https:\/\/tahitinuitravel.com\/#website"},"primaryImageOfPage":{"@id":"https:\/\/tahitinuitravel.com\/infos-pratiques\/#primaryimage"},"image":{"@id":"https:\/\/tahitinuitravel.com\/infos-pratiques\/#primaryimage"},"thumbnailUrl":"https:\/\/tahitinuitravel.com\/wp-content\/uploads\/2024\/10\/picto-infos-prtaiques.png","datePublished":"2024-06-26T22:45:26+00:00","dateModified":"2024-10-24T21:11:03+00:00","breadcrumb":{"@id":"https:\/\/tahitinuitravel.com\/infos-pratiques\/#breadcrumb"},"inLanguage":"pt-PT","potentialAction":[{"@type":"ReadAction","target":["https:\/\/tahitinuitravel.com\/infos-pratiques\/"]}]},{"@type":"ImageObject","inLanguage":"pt-PT","@id":"https:\/\/tahitinuitravel.com\/infos-pratiques\/#primaryimage","url":"https:\/\/tahitinuitravel.com\/wp-content\/uploads\/2024\/10\/picto-infos-prtaiques.png","contentUrl":"https:\/\/tahitinuitravel.com\/wp-content\/uploads\/2024\/10\/picto-infos-prtaiques.png"},{"@type":"BreadcrumbList","@id":"https:\/\/tahitinuitravel.com\/infos-pratiques\/#breadcrumb","itemListElement":[{"@type":"ListItem","position":1,"name":"Home","item":"https:\/\/tahitinuitravel.com\/"},{"@type":"ListItem","position":2,"name":"Infos pratiques"}]},{"@type":"WebSite","@id":"https:\/\/tahitinuitravel.com\/#website","url":"https:\/\/tahitinuitravel.com\/","name":"Tahiti Nui Travel","description":"Tahiti Nui Travel est le leader incontest\u00e9 des voyages \u00e0 Tahiti et ses \u00eeles depuis 1965","publisher":{"@id":"https:\/\/tahitinuitravel.com\/#organization"},"potentialAction":[{"@type":"SearchAction","target":{"@type":"EntryPoint","urlTemplate":"https:\/\/tahitinuitravel.com\/?s={search_term_string}"},"query-input":{"@type":"PropertyValueSpecification","valueRequired":true,"valueName":"search_term_string"}}],"inLanguage":"pt-PT"},{"@type":"Organization","@id":"https:\/\/tahitinuitravel.com\/#organization","name":"Tahiti Nui Travel","url":"https:\/\/tahitinuitravel.com\/","logo":{"@type":"ImageObject","inLanguage":"pt-PT","@id":"https:\/\/tahitinuitravel.com\/#\/schema\/logo\/image\/","url":"https:\/\/tahitinuitravel.com\/wp-content\/uploads\/2023\/12\/ZEN-COMPTAFichier-2.png","contentUrl":"https:\/\/tahitinuitravel.com\/wp-content\/uploads\/2023\/12\/ZEN-COMPTAFichier-2.png","width":1500,"height":209,"caption":"Tahiti Nui Travel"},"image":{"@id":"https:\/\/tahitinuitravel.com\/#\/schema\/logo\/image\/"}}]}},"_links":{"self":[{"href":"https:\/\/tahitinuitravel.com\/pt\/wp-json\/wp\/v2\/pages\/36447","targetHints":{"allow":["GET"]}}],"collection":[{"href":"https:\/\/tahitinuitravel.com\/pt\/wp-json\/wp\/v2\/pages"}],"about":[{"href":"https:\/\/tahitinuitravel.com\/pt\/wp-json\/wp\/v2\/types\/page"}],"author":[{"embeddable":true,"href":"https:\/\/tahitinuitravel.com\/pt\/wp-json\/wp\/v2\/users\/1"}],"replies":[{"embeddable":true,"href":"https:\/\/tahitinuitravel.com\/pt\/wp-json\/wp\/v2\/comments?post=36447"}],"version-history":[{"count":0,"href":"https:\/\/tahitinuitravel.com\/pt\/wp-json\/wp\/v2\/pages\/36447\/revisions"}],"wp:attachment":[{"href":"https:\/\/tahitinuitravel.com\/pt\/wp-json\/wp\/v2\/media?parent=36447"}],"curies":[{"name":"wp","href":"https:\/\/api.w.org\/{rel}","templated":true}]}}