{"id":19,"date":"2023-10-25T22:03:29","date_gmt":"2023-10-25T22:03:29","guid":{"rendered":"https:\/\/tahitinuitravel.com\/?page_id=19"},"modified":"2024-11-27T15:42:06","modified_gmt":"2024-11-28T01:42:06","slug":"luxe","status":"publish","type":"page","link":"https:\/\/tahitinuitravel.com\/pt\/luxe\/","title":{"rendered":"Luxo"},"content":{"rendered":"<div data-elementor-type=\"wp-page\" data-elementor-id=\"19\" class=\"elementor elementor-19\" data-elementor-settings=\"{&quot;element_pack_global_tooltip_width&quot;:{&quot;unit&quot;:&quot;px&quot;,&quot;size&quot;:&quot;&quot;,&quot;sizes&quot;:[]},&quot;element_pack_global_tooltip_width_tablet&quot;:{&quot;unit&quot;:&quot;px&quot;,&quot;size&quot;:&quot;&quot;,&quot;sizes&quot;:[]},&quot;element_pack_global_tooltip_width_mobile&quot;:{&quot;unit&quot;:&quot;px&quot;,&quot;size&quot;:&quot;&quot;,&quot;sizes&quot;:[]},&quot;element_pack_global_tooltip_padding&quot;:{&quot;unit&quot;:&quot;px&quot;,&quot;top&quot;:&quot;&quot;,&quot;right&quot;:&quot;&quot;,&quot;bottom&quot;:&quot;&quot;,&quot;left&quot;:&quot;&quot;,&quot;isLinked&quot;:true},&quot;element_pack_global_tooltip_padding_tablet&quot;:{&quot;unit&quot;:&quot;px&quot;,&quot;top&quot;:&quot;&quot;,&quot;right&quot;:&quot;&quot;,&quot;bottom&quot;:&quot;&quot;,&quot;left&quot;:&quot;&quot;,&quot;isLinked&quot;:true},&quot;element_pack_global_tooltip_padding_mobile&quot;:{&quot;unit&quot;:&quot;px&quot;,&quot;top&quot;:&quot;&quot;,&quot;right&quot;:&quot;&quot;,&quot;bottom&quot;:&quot;&quot;,&quot;left&quot;:&quot;&quot;,&quot;isLinked&quot;:true},&quot;element_pack_global_tooltip_border_radius&quot;:{&quot;unit&quot;:&quot;px&quot;,&quot;top&quot;:&quot;&quot;,&quot;right&quot;:&quot;&quot;,&quot;bottom&quot;:&quot;&quot;,&quot;left&quot;:&quot;&quot;,&quot;isLinked&quot;:true},&quot;element_pack_global_tooltip_border_radius_tablet&quot;:{&quot;unit&quot;:&quot;px&quot;,&quot;top&quot;:&quot;&quot;,&quot;right&quot;:&quot;&quot;,&quot;bottom&quot;:&quot;&quot;,&quot;left&quot;:&quot;&quot;,&quot;isLinked&quot;:true},&quot;element_pack_global_tooltip_border_radius_mobile&quot;:{&quot;unit&quot;:&quot;px&quot;,&quot;top&quot;:&quot;&quot;,&quot;right&quot;:&quot;&quot;,&quot;bottom&quot;:&quot;&quot;,&quot;left&quot;:&quot;&quot;,&quot;isLinked&quot;:true}}\" data-elementor-post-type=\"page\">\n\t\t\t\t<div data-particle_enable=\"false\" data-particle-mobile-disabled=\"false\" class=\"elementor-element elementor-element-84c5b5d e-flex e-con-boxed e-con e-parent\" data-id=\"84c5b5d\" data-element_type=\"container\">\n\t\t\t\t\t<div class=\"e-con-inner\">\n\t\t\t\t<div class=\"elementor-element elementor-element-405e1b1 elementor-widget__width-inherit elementor-widget elementor-widget-heading\" data-id=\"405e1b1\" data-element_type=\"widget\" data-widget_type=\"heading.default\">\n\t\t\t\t<div class=\"elementor-widget-container\">\n\t\t\t\t\t<h2 class=\"elementor-heading-title elementor-size-default\">Luxo<\/h2>\t\t\t\t<\/div>\n\t\t\t\t<\/div>\n\t\t\t\t<div class=\"elementor-element elementor-element-05eb918 elementor-widget__width-inherit elementor-widget elementor-widget-heading\" data-id=\"05eb918\" data-element_type=\"widget\" data-widget_type=\"heading.default\">\n\t\t\t\t<div class=\"elementor-widget-container\">\n\t\t\t\t\t<h2 class=\"elementor-heading-title elementor-size-default\">DESCOBRINDO O LUXO NA POLIN\u00c9SIA FRANCESA<\/h2>\t\t\t\t<\/div>\n\t\t\t\t<\/div>\n\t\t\t\t<div class=\"elementor-element elementor-element-f2a9996 elementor-widget elementor-widget-eael-divider\" data-id=\"f2a9996\" data-element_type=\"widget\" data-widget_type=\"eael-divider.default\">\n\t\t\t\t<div class=\"elementor-widget-container\">\n\t\t\t\t\t\t\t<div class=\"eael-divider-wrap divider-direction-horizontal\">\n\t\t\t\t\t\t\t<div class=\"eael-divider horizontal solid\"><\/div>\n\t\t\t\t\t<\/div>\n\t\t\t\t<\/div>\n\t\t\t\t<\/div>\n\t\t\t\t\t<\/div>\n\t\t\t\t<\/div>\n\t\t<div data-particle_enable=\"false\" data-particle-mobile-disabled=\"false\" class=\"elementor-element elementor-element-e6d5f3f e-flex e-con-boxed e-con e-parent\" data-id=\"e6d5f3f\" data-element_type=\"container\">\n\t\t\t\t\t<div class=\"e-con-inner\">\n\t\t<div data-particle_enable=\"false\" data-particle-mobile-disabled=\"false\" class=\"elementor-element elementor-element-028ad4e e-con-full e-grid e-con e-child\" data-id=\"028ad4e\" data-element_type=\"container\">\n\t\t<a class=\"eael-wrapper-link-019842c --eael-wrapper-link-tag\" href=\"https:\/\/tahitinuitravel.com\/pt\/luxe\/services-exclusifs\/\"><\/a><div data-eael-wrapper-link=\"eael-wrapper-link-019842c\" data-particle_enable=\"false\" data-particle-mobile-disabled=\"false\" data-dce-background-overlay-color=\"#000000\" data-dce-background-image-url=\"https:\/\/tahitinuitravel.com\/wp-content\/uploads\/2024\/11\/photo-de-couverture-LUXE-services-exclusifs.jpg\" class=\"elementor-element elementor-element-019842c e-transform e-con-full e-flex e-con e-child\" data-id=\"019842c\" data-element_type=\"container\" data-settings=\"{&quot;background_background&quot;:&quot;classic&quot;,&quot;_transform_scale_effect_hover&quot;:{&quot;unit&quot;:&quot;px&quot;,&quot;size&quot;:0.99,&quot;sizes&quot;:[]},&quot;_transform_scale_effect_hover_tablet&quot;:{&quot;unit&quot;:&quot;px&quot;,&quot;size&quot;:&quot;&quot;,&quot;sizes&quot;:[]},&quot;_transform_scale_effect_hover_mobile&quot;:{&quot;unit&quot;:&quot;px&quot;,&quot;size&quot;:&quot;&quot;,&quot;sizes&quot;:[]}}\">\n\t\t\t\t<div class=\"elementor-element elementor-element-37cf23a elementor-widget elementor-widget-heading\" data-id=\"37cf23a\" data-element_type=\"widget\" data-widget_type=\"heading.default\">\n\t\t\t\t<div class=\"elementor-widget-container\">\n\t\t\t\t\t<h2 class=\"elementor-heading-title elementor-size-default\">Servi\u00e7os exclusivos<\/h2>\t\t\t\t<\/div>\n\t\t\t\t<\/div>\n\t\t\t\t<\/div>\n\t\t<a class=\"eael-wrapper-link-3c93dea --eael-wrapper-link-tag\" href=\"https:\/\/tahitinuitravel.com\/pt\/luxe\/sejour-dexception\/\"><\/a><div data-eael-wrapper-link=\"eael-wrapper-link-3c93dea\" data-particle_enable=\"false\" data-particle-mobile-disabled=\"false\" data-dce-background-overlay-color=\"#000000\" data-dce-background-image-url=\"https:\/\/tahitinuitravel.com\/wp-content\/uploads\/2024\/10\/sejour-dexception-scaled.jpg\" class=\"elementor-element elementor-element-3c93dea e-transform e-con-full e-flex e-con e-child\" data-id=\"3c93dea\" data-element_type=\"container\" data-settings=\"{&quot;background_background&quot;:&quot;classic&quot;,&quot;_transform_scale_effect_hover&quot;:{&quot;unit&quot;:&quot;px&quot;,&quot;size&quot;:0.99,&quot;sizes&quot;:[]},&quot;_transform_scale_effect_hover_tablet&quot;:{&quot;unit&quot;:&quot;px&quot;,&quot;size&quot;:&quot;&quot;,&quot;sizes&quot;:[]},&quot;_transform_scale_effect_hover_mobile&quot;:{&quot;unit&quot;:&quot;px&quot;,&quot;size&quot;:&quot;&quot;,&quot;sizes&quot;:[]}}\">\n\t\t\t\t<div class=\"elementor-element elementor-element-5d4a769 elementor-widget elementor-widget-heading\" data-id=\"5d4a769\" data-element_type=\"widget\" data-widget_type=\"heading.default\">\n\t\t\t\t<div class=\"elementor-widget-container\">\n\t\t\t\t\t<h2 class=\"elementor-heading-title elementor-size-default\">Estadias excepcionais<\/h2>\t\t\t\t<\/div>\n\t\t\t\t<\/div>\n\t\t\t\t<\/div>\n\t\t<a class=\"eael-wrapper-link-7f53258 --eael-wrapper-link-tag\" href=\"https:\/\/tahitinuitravel.com\/pt\/luxe\/immersion-privee\/\"><\/a><div data-eael-wrapper-link=\"eael-wrapper-link-7f53258\" data-particle_enable=\"false\" data-particle-mobile-disabled=\"false\" data-dce-background-overlay-color=\"#000000\" data-dce-background-image-url=\"https:\/\/tahitinuitravel.com\/wp-content\/uploads\/2024\/11\/photo-de-couverture-LUXE-immersions-prives-scaled.jpeg\" class=\"elementor-element elementor-element-7f53258 e-transform e-con-full e-flex e-con e-child\" data-id=\"7f53258\" data-element_type=\"container\" data-settings=\"{&quot;background_background&quot;:&quot;classic&quot;,&quot;_transform_scale_effect_hover&quot;:{&quot;unit&quot;:&quot;px&quot;,&quot;size&quot;:0.99,&quot;sizes&quot;:[]},&quot;_transform_scale_effect_hover_tablet&quot;:{&quot;unit&quot;:&quot;px&quot;,&quot;size&quot;:&quot;&quot;,&quot;sizes&quot;:[]},&quot;_transform_scale_effect_hover_mobile&quot;:{&quot;unit&quot;:&quot;px&quot;,&quot;size&quot;:&quot;&quot;,&quot;sizes&quot;:[]}}\">\n\t\t\t\t<div class=\"elementor-element elementor-element-0f1eddf elementor-widget elementor-widget-heading\" data-id=\"0f1eddf\" data-element_type=\"widget\" data-widget_type=\"heading.default\">\n\t\t\t\t<div class=\"elementor-widget-container\">\n\t\t\t\t\t<h2 class=\"elementor-heading-title elementor-size-default\">Imers\u00f5es Privadas<\/h2>\t\t\t\t<\/div>\n\t\t\t\t<\/div>\n\t\t\t\t<\/div>\n\t\t\t\t<\/div>\n\t\t\t\t\t<\/div>\n\t\t\t\t<\/div>\n\t\t\t\t<\/div>","protected":false},"excerpt":{"rendered":"<p>Luxo DESCOBRINDO O LUXO NA POLIN\u00c9SIA FRANCESA Servi\u00e7os exclusivos Estadias excepcionais Imers\u00f5es privadas<\/p>","protected":false},"author":1,"featured_media":0,"parent":0,"menu_order":0,"comment_status":"closed","ping_status":"closed","template":"","meta":{"_acf_changed":false,"footnotes":""},"class_list":["post-19","page","type-page","status-publish","hentry"],"acf":[],"yoast_head":"<!-- This site is optimized with the Yoast SEO plugin v24.8.1 - https:\/\/yoast.com\/wordpress\/plugins\/seo\/ -->\n<title>Luxe - Tahiti Nui Travel<\/title>\n<meta name=\"robots\" content=\"index, follow, max-snippet:-1, max-image-preview:large, max-video-preview:-1\" \/>\n<link rel=\"canonical\" href=\"https:\/\/tahitinuitravel.com\/pt\/luxe\/\" \/>\n<meta property=\"og:locale\" content=\"pt_PT\" \/>\n<meta property=\"og:type\" content=\"article\" \/>\n<meta property=\"og:title\" content=\"Luxe - Tahiti Nui Travel\" \/>\n<meta property=\"og:description\" content=\"Luxe \u00c0 LA D\u00c9COUVERTE DU LUXE EN POLYN\u00c9SIE FRAN\u00c7AISE Services exclusifs S\u00e9jours d&rsquo;exceptions Immersions priv\u00e9es\" \/>\n<meta property=\"og:url\" content=\"https:\/\/tahitinuitravel.com\/pt\/luxe\/\" \/>\n<meta property=\"og:site_name\" content=\"Tahiti Nui Travel\" \/>\n<meta property=\"article:modified_time\" content=\"2024-11-28T01:42:06+00:00\" \/>\n<meta name=\"twitter:card\" content=\"summary_large_image\" \/>\n<meta name=\"twitter:label1\" content=\"Tempo estimado de leitura\" \/>\n\t<meta name=\"twitter:data1\" content=\"1 minuto\" \/>\n<script type=\"application\/ld+json\" class=\"yoast-schema-graph\">{\"@context\":\"https:\/\/schema.org\",\"@graph\":[{\"@type\":\"WebPage\",\"@id\":\"https:\/\/tahitinuitravel.com\/luxe\/\",\"url\":\"https:\/\/tahitinuitravel.com\/luxe\/\",\"name\":\"Luxe - Tahiti Nui Travel\",\"isPartOf\":{\"@id\":\"https:\/\/tahitinuitravel.com\/#website\"},\"datePublished\":\"2023-10-25T22:03:29+00:00\",\"dateModified\":\"2024-11-28T01:42:06+00:00\",\"breadcrumb\":{\"@id\":\"https:\/\/tahitinuitravel.com\/luxe\/#breadcrumb\"},\"inLanguage\":\"pt-PT\",\"potentialAction\":[{\"@type\":\"ReadAction\",\"target\":[\"https:\/\/tahitinuitravel.com\/luxe\/\"]}]},{\"@type\":\"BreadcrumbList\",\"@id\":\"https:\/\/tahitinuitravel.com\/luxe\/#breadcrumb\",\"itemListElement\":[{\"@type\":\"ListItem\",\"position\":1,\"name\":\"Home\",\"item\":\"https:\/\/tahitinuitravel.com\/\"},{\"@type\":\"ListItem\",\"position\":2,\"name\":\"Luxe\"}]},{\"@type\":\"WebSite\",\"@id\":\"https:\/\/tahitinuitravel.com\/#website\",\"url\":\"https:\/\/tahitinuitravel.com\/\",\"name\":\"Tahiti Nui Travel\",\"description\":\"Tahiti Nui Travel est le leader incontest\u00e9 des voyages \u00e0 Tahiti et ses \u00eeles depuis 1965\",\"publisher\":{\"@id\":\"https:\/\/tahitinuitravel.com\/#organization\"},\"potentialAction\":[{\"@type\":\"SearchAction\",\"target\":{\"@type\":\"EntryPoint\",\"urlTemplate\":\"https:\/\/tahitinuitravel.com\/?s={search_term_string}\"},\"query-input\":{\"@type\":\"PropertyValueSpecification\",\"valueRequired\":true,\"valueName\":\"search_term_string\"}}],\"inLanguage\":\"pt-PT\"},{\"@type\":\"Organization\",\"@id\":\"https:\/\/tahitinuitravel.com\/#organization\",\"name\":\"Tahiti Nui Travel\",\"url\":\"https:\/\/tahitinuitravel.com\/\",\"logo\":{\"@type\":\"ImageObject\",\"inLanguage\":\"pt-PT\",\"@id\":\"https:\/\/tahitinuitravel.com\/#\/schema\/logo\/image\/\",\"url\":\"https:\/\/tahitinuitravel.com\/wp-content\/uploads\/2023\/12\/ZEN-COMPTAFichier-2.png\",\"contentUrl\":\"https:\/\/tahitinuitravel.com\/wp-content\/uploads\/2023\/12\/ZEN-COMPTAFichier-2.png\",\"width\":1500,\"height\":209,\"caption\":\"Tahiti Nui Travel\"},\"image\":{\"@id\":\"https:\/\/tahitinuitravel.com\/#\/schema\/logo\/image\/\"}}]}<\/script>\n<!-- \/ Yoast SEO plugin. -->","yoast_head_json":{"title":"Luxe - Tahiti Nui Travel","robots":{"index":"index","follow":"follow","max-snippet":"max-snippet:-1","max-image-preview":"max-image-preview:large","max-video-preview":"max-video-preview:-1"},"canonical":"https:\/\/tahitinuitravel.com\/pt\/luxe\/","og_locale":"pt_PT","og_type":"article","og_title":"Luxe - Tahiti Nui Travel","og_description":"Luxe \u00c0 LA D\u00c9COUVERTE DU LUXE EN POLYN\u00c9SIE FRAN\u00c7AISE Services exclusifs S\u00e9jours d&rsquo;exceptions Immersions priv\u00e9es","og_url":"https:\/\/tahitinuitravel.com\/pt\/luxe\/","og_site_name":"Tahiti Nui Travel","article_modified_time":"2024-11-28T01:42:06+00:00","twitter_card":"summary_large_image","twitter_misc":{"Tempo estimado de leitura":"1 minuto"},"schema":{"@context":"https:\/\/schema.org","@graph":[{"@type":"WebPage","@id":"https:\/\/tahitinuitravel.com\/luxe\/","url":"https:\/\/tahitinuitravel.com\/luxe\/","name":"Luxe - Tahiti Nui Travel","isPartOf":{"@id":"https:\/\/tahitinuitravel.com\/#website"},"datePublished":"2023-10-25T22:03:29+00:00","dateModified":"2024-11-28T01:42:06+00:00","breadcrumb":{"@id":"https:\/\/tahitinuitravel.com\/luxe\/#breadcrumb"},"inLanguage":"pt-PT","potentialAction":[{"@type":"ReadAction","target":["https:\/\/tahitinuitravel.com\/luxe\/"]}]},{"@type":"BreadcrumbList","@id":"https:\/\/tahitinuitravel.com\/luxe\/#breadcrumb","itemListElement":[{"@type":"ListItem","position":1,"name":"Home","item":"https:\/\/tahitinuitravel.com\/"},{"@type":"ListItem","position":2,"name":"Luxe"}]},{"@type":"WebSite","@id":"https:\/\/tahitinuitravel.com\/#website","url":"https:\/\/tahitinuitravel.com\/","name":"Tahiti Nui Travel","description":"Tahiti Nui Travel est le leader incontest\u00e9 des voyages \u00e0 Tahiti et ses \u00eeles depuis 1965","publisher":{"@id":"https:\/\/tahitinuitravel.com\/#organization"},"potentialAction":[{"@type":"SearchAction","target":{"@type":"EntryPoint","urlTemplate":"https:\/\/tahitinuitravel.com\/?s={search_term_string}"},"query-input":{"@type":"PropertyValueSpecification","valueRequired":true,"valueName":"search_term_string"}}],"inLanguage":"pt-PT"},{"@type":"Organization","@id":"https:\/\/tahitinuitravel.com\/#organization","name":"Tahiti Nui Travel","url":"https:\/\/tahitinuitravel.com\/","logo":{"@type":"ImageObject","inLanguage":"pt-PT","@id":"https:\/\/tahitinuitravel.com\/#\/schema\/logo\/image\/","url":"https:\/\/tahitinuitravel.com\/wp-content\/uploads\/2023\/12\/ZEN-COMPTAFichier-2.png","contentUrl":"https:\/\/tahitinuitravel.com\/wp-content\/uploads\/2023\/12\/ZEN-COMPTAFichier-2.png","width":1500,"height":209,"caption":"Tahiti Nui Travel"},"image":{"@id":"https:\/\/tahitinuitravel.com\/#\/schema\/logo\/image\/"}}]}},"_links":{"self":[{"href":"https:\/\/tahitinuitravel.com\/pt\/wp-json\/wp\/v2\/pages\/19","targetHints":{"allow":["GET"]}}],"collection":[{"href":"https:\/\/tahitinuitravel.com\/pt\/wp-json\/wp\/v2\/pages"}],"about":[{"href":"https:\/\/tahitinuitravel.com\/pt\/wp-json\/wp\/v2\/types\/page"}],"author":[{"embeddable":true,"href":"https:\/\/tahitinuitravel.com\/pt\/wp-json\/wp\/v2\/users\/1"}],"replies":[{"embeddable":true,"href":"https:\/\/tahitinuitravel.com\/pt\/wp-json\/wp\/v2\/comments?post=19"}],"version-history":[{"count":0,"href":"https:\/\/tahitinuitravel.com\/pt\/wp-json\/wp\/v2\/pages\/19\/revisions"}],"wp:attachment":[{"href":"https:\/\/tahitinuitravel.com\/pt\/wp-json\/wp\/v2\/media?parent=19"}],"curies":[{"name":"wp","href":"https:\/\/api.w.org\/{rel}","templated":true}]}}