{"id":38762,"date":"2024-10-30T14:00:15","date_gmt":"2024-10-31T00:00:15","guid":{"rendered":"https:\/\/tahitinuitravel.com\/?page_id=38762"},"modified":"2024-11-27T18:11:29","modified_gmt":"2024-11-28T04:11:29","slug":"connectivite","status":"publish","type":"page","link":"https:\/\/tahitinuitravel.com\/it\/connectivite\/","title":{"rendered":"Connettivit\u00e0"},"content":{"rendered":"<div data-elementor-type=\"wp-page\" data-elementor-id=\"38762\" class=\"elementor elementor-38762\" data-elementor-settings=\"{&quot;element_pack_global_tooltip_width&quot;:{&quot;unit&quot;:&quot;px&quot;,&quot;size&quot;:&quot;&quot;,&quot;sizes&quot;:[]},&quot;element_pack_global_tooltip_width_tablet&quot;:{&quot;unit&quot;:&quot;px&quot;,&quot;size&quot;:&quot;&quot;,&quot;sizes&quot;:[]},&quot;element_pack_global_tooltip_width_mobile&quot;:{&quot;unit&quot;:&quot;px&quot;,&quot;size&quot;:&quot;&quot;,&quot;sizes&quot;:[]},&quot;element_pack_global_tooltip_padding&quot;:{&quot;unit&quot;:&quot;px&quot;,&quot;top&quot;:&quot;&quot;,&quot;right&quot;:&quot;&quot;,&quot;bottom&quot;:&quot;&quot;,&quot;left&quot;:&quot;&quot;,&quot;isLinked&quot;:true},&quot;element_pack_global_tooltip_padding_tablet&quot;:{&quot;unit&quot;:&quot;px&quot;,&quot;top&quot;:&quot;&quot;,&quot;right&quot;:&quot;&quot;,&quot;bottom&quot;:&quot;&quot;,&quot;left&quot;:&quot;&quot;,&quot;isLinked&quot;:true},&quot;element_pack_global_tooltip_padding_mobile&quot;:{&quot;unit&quot;:&quot;px&quot;,&quot;top&quot;:&quot;&quot;,&quot;right&quot;:&quot;&quot;,&quot;bottom&quot;:&quot;&quot;,&quot;left&quot;:&quot;&quot;,&quot;isLinked&quot;:true},&quot;element_pack_global_tooltip_border_radius&quot;:{&quot;unit&quot;:&quot;px&quot;,&quot;top&quot;:&quot;&quot;,&quot;right&quot;:&quot;&quot;,&quot;bottom&quot;:&quot;&quot;,&quot;left&quot;:&quot;&quot;,&quot;isLinked&quot;:true},&quot;element_pack_global_tooltip_border_radius_tablet&quot;:{&quot;unit&quot;:&quot;px&quot;,&quot;top&quot;:&quot;&quot;,&quot;right&quot;:&quot;&quot;,&quot;bottom&quot;:&quot;&quot;,&quot;left&quot;:&quot;&quot;,&quot;isLinked&quot;:true},&quot;element_pack_global_tooltip_border_radius_mobile&quot;:{&quot;unit&quot;:&quot;px&quot;,&quot;top&quot;:&quot;&quot;,&quot;right&quot;:&quot;&quot;,&quot;bottom&quot;:&quot;&quot;,&quot;left&quot;:&quot;&quot;,&quot;isLinked&quot;:true}}\" data-elementor-post-type=\"page\">\n\t\t\t\t<div data-particle_enable=\"false\" data-particle-mobile-disabled=\"false\" data-dce-background-overlay-color=\"#000000\" data-dce-background-image-url=\"https:\/\/tahitinuitravel.com\/wp-content\/uploads\/2024\/10\/couverture-connectivite.png\" class=\"elementor-element elementor-element-070c4a7 e-con-full e-flex e-con e-parent\" data-id=\"070c4a7\" data-element_type=\"container\" data-settings=\"{&quot;background_background&quot;:&quot;classic&quot;}\">\n\t\t\t\t<\/div>\n\t\t<div data-particle_enable=\"false\" data-particle-mobile-disabled=\"false\" class=\"elementor-element elementor-element-88b616a e-flex e-con-boxed e-con e-parent\" data-id=\"88b616a\" data-element_type=\"container\">\n\t\t\t\t\t<div class=\"e-con-inner\">\n\t\t<div data-particle_enable=\"false\" data-particle-mobile-disabled=\"false\" class=\"elementor-element elementor-element-4e428c2 e-con-full e-flex e-con e-child\" data-id=\"4e428c2\" data-element_type=\"container\">\n\t\t\t\t<div class=\"elementor-element elementor-element-a01e56e elementor-widget__width-inherit elementor-widget elementor-widget-heading\" data-id=\"a01e56e\" data-element_type=\"widget\" data-widget_type=\"heading.default\">\n\t\t\t\t<div class=\"elementor-widget-container\">\n\t\t\t\t\t<h2 class=\"elementor-heading-title elementor-size-default\">Tecnologia<\/h2>\t\t\t\t<\/div>\n\t\t\t\t<\/div>\n\t\t\t\t<div class=\"elementor-element elementor-element-545c757 elementor-widget elementor-widget-eael-divider\" data-id=\"545c757\" data-element_type=\"widget\" data-widget_type=\"eael-divider.default\">\n\t\t\t\t<div class=\"elementor-widget-container\">\n\t\t\t\t\t\t\t<div class=\"eael-divider-wrap divider-direction-horizontal\">\n\t\t\t\t\t\t\t<div class=\"eael-divider horizontal solid\"><\/div>\n\t\t\t\t\t<\/div>\n\t\t\t\t<\/div>\n\t\t\t\t<\/div>\n\t\t\t\t<div class=\"elementor-element elementor-element-93ef04c animated-slow elementor-invisible elementor-widget elementor-widget-heading\" data-id=\"93ef04c\" data-element_type=\"widget\" data-settings=\"{&quot;_animation&quot;:&quot;fadeInRight&quot;}\" data-widget_type=\"heading.default\">\n\t\t\t\t<div class=\"elementor-widget-container\">\n\t\t\t\t\t<h5 class=\"elementor-heading-title elementor-size-default\">Tahiti Nui Travel \u00e8 costantemente alla ricerca delle ultime innovazioni tecnologiche per garantire ai nostri partner e clienti un&#039;esperienza ottimale. Aggiorniamo regolarmente i nostri software e strumenti per essere sempre all&#039;avanguardia della modernit\u00e0, integrando le soluzioni pi\u00f9 efficienti sul mercato. <\/h5>\t\t\t\t<\/div>\n\t\t\t\t<\/div>\n\t\t\t\t<\/div>\n\t\t\t\t\t<\/div>\n\t\t\t\t<\/div>\n\t\t<div data-particle_enable=\"false\" data-particle-mobile-disabled=\"false\" data-dce-background-color=\"#FFFFFF87\" data-dce-background-overlay-image-url=\"https:\/\/tahitinuitravel.com\/wp-content\/uploads\/2023\/10\/9653109_89.jpg\" class=\"elementor-element elementor-element-bcb6bd5 e-flex e-con-boxed e-con e-parent\" data-id=\"bcb6bd5\" data-element_type=\"container\" data-settings=\"{&quot;background_background&quot;:&quot;classic&quot;,&quot;background_motion_fx_motion_fx_scrolling&quot;:&quot;yes&quot;,&quot;background_motion_fx_translateY_effect&quot;:&quot;yes&quot;,&quot;background_motion_fx_translateY_speed&quot;:{&quot;unit&quot;:&quot;px&quot;,&quot;size&quot;:6.3,&quot;sizes&quot;:[]},&quot;background_motion_fx_translateY_affectedRange&quot;:{&quot;unit&quot;:&quot;%&quot;,&quot;size&quot;:&quot;&quot;,&quot;sizes&quot;:{&quot;start&quot;:0,&quot;end&quot;:100}},&quot;background_motion_fx_devices&quot;:[&quot;desktop&quot;,&quot;tablet&quot;,&quot;mobile&quot;]}\">\n\t\t\t\t\t<div class=\"e-con-inner\">\n\t\t<div data-particle_enable=\"false\" data-particle-mobile-disabled=\"false\" class=\"elementor-element elementor-element-bcf2a70 e-con-full e-flex e-con e-child\" data-id=\"bcf2a70\" data-element_type=\"container\">\n\t\t<div data-particle_enable=\"false\" data-particle-mobile-disabled=\"false\" class=\"elementor-element elementor-element-f6213e2 e-con-full e-flex e-con e-child\" data-id=\"f6213e2\" data-element_type=\"container\">\n\t\t\t\t<div class=\"elementor-element elementor-element-aee11b6 elementor-widget__width-inherit elementor-widget elementor-widget-heading\" data-id=\"aee11b6\" data-element_type=\"widget\" data-widget_type=\"heading.default\">\n\t\t\t\t<div class=\"elementor-widget-container\">\n\t\t\t\t\t<h2 class=\"elementor-heading-title elementor-size-default\">SITO BTOB<\/h2>\t\t\t\t<\/div>\n\t\t\t\t<\/div>\n\t\t\t\t<div class=\"elementor-element elementor-element-95d4e19 elementor-widget elementor-widget-eael-divider\" data-id=\"95d4e19\" data-element_type=\"widget\" data-widget_type=\"eael-divider.default\">\n\t\t\t\t<div class=\"elementor-widget-container\">\n\t\t\t\t\t\t\t<div class=\"eael-divider-wrap divider-direction-horizontal\">\n\t\t\t\t\t\t\t<div class=\"eael-divider horizontal solid\"><\/div>\n\t\t\t\t\t<\/div>\n\t\t\t\t<\/div>\n\t\t\t\t<\/div>\n\t\t\t\t<div class=\"elementor-element elementor-element-22a0643 animated-slow elementor-invisible elementor-widget elementor-widget-heading\" data-id=\"22a0643\" data-element_type=\"widget\" data-settings=\"{&quot;_animation&quot;:&quot;fadeInRight&quot;}\" data-widget_type=\"heading.default\">\n\t\t\t\t<div class=\"elementor-widget-container\">\n\t\t\t\t\t<h2 class=\"elementor-heading-title elementor-size-default\">Centro risorse online che fornisce accesso diretto al nostro database. <\/h2>\t\t\t\t<\/div>\n\t\t\t\t<\/div>\n\t\t\t\t<div class=\"elementor-element elementor-element-75247f8 elementor-widget elementor-widget-text-editor\" data-id=\"75247f8\" data-element_type=\"widget\" data-widget_type=\"text-editor.default\">\n\t\t\t\t<div class=\"elementor-widget-container\">\n\t\t\t\t\t\t\t\t\t<p>Accedi a tutti i nostri prodotti con un solo clic: schede tecniche, prezzi, foto. Crea subito i tuoi itinerari e preventivi online.<\/p><p>Approfitta di un&#039;interfaccia intuitiva e di facile utilizzo, progettata per semplificare la tua esperienza utente. La nostra piattaforma ti consente di confrontare i diversi<\/p><p>opzioni e personalizza le tue scelte in base alle preferenze dei tuoi clienti. Inoltre, il nostro team addetto alle prenotazioni \u00e8 a disposizione per rispondere a tutte le vostre domande e assistervi nella pianificazione dei vostri itinerari. Questo strumento ti consente di essere pi\u00f9 reattivo e di fornire risposte pi\u00f9 rapide ai tuoi clienti.<\/p>\t\t\t\t\t\t\t\t<\/div>\n\t\t\t\t<\/div>\n\t\t\t\t<\/div>\n\t\t\t\t<div class=\"elementor-element elementor-element-ece28cb elementor-widget-tablet__width-inherit dce_masking-none elementor-widget elementor-widget-image\" data-id=\"ece28cb\" data-element_type=\"widget\" data-widget_type=\"image.default\">\n\t\t\t\t<div class=\"elementor-widget-container\">\n\t\t\t\t\t\t\t\t\t\t\t\t\t\t\t<img decoding=\"async\" width=\"800\" height=\"534\" src=\"https:\/\/tahitinuitravel.com\/wp-content\/uploads\/2024\/10\/Connectivite-Site-B-to-B-1-1024x683.jpg\" class=\"attachment-large size-large wp-image-38768\" alt=\"\" srcset=\"https:\/\/tahitinuitravel.com\/wp-content\/uploads\/2024\/10\/Connectivite-Site-B-to-B-1-1024x683.jpg 1024w, https:\/\/tahitinuitravel.com\/wp-content\/uploads\/2024\/10\/Connectivite-Site-B-to-B-1-300x200.jpg 300w, https:\/\/tahitinuitravel.com\/wp-content\/uploads\/2024\/10\/Connectivite-Site-B-to-B-1-768x512.jpg 768w, https:\/\/tahitinuitravel.com\/wp-content\/uploads\/2024\/10\/Connectivite-Site-B-to-B-1-1536x1024.jpg 1536w, https:\/\/tahitinuitravel.com\/wp-content\/uploads\/2024\/10\/Connectivite-Site-B-to-B-1-2048x1365.jpg 2048w, https:\/\/tahitinuitravel.com\/wp-content\/uploads\/2024\/10\/Connectivite-Site-B-to-B-1-18x12.jpg 18w\" sizes=\"(max-width: 800px) 100vw, 800px\" \/>\t\t\t\t\t\t\t\t\t\t\t\t\t\t\t<\/div>\n\t\t\t\t<\/div>\n\t\t\t\t<\/div>\n\t\t\t\t\t<\/div>\n\t\t\t\t<\/div>\n\t\t<div data-particle_enable=\"false\" data-particle-mobile-disabled=\"false\" class=\"elementor-element elementor-element-9cbcfcb e-flex e-con-boxed e-con e-parent\" data-id=\"9cbcfcb\" data-element_type=\"container\" data-settings=\"{&quot;background_motion_fx_translateY_effect&quot;:&quot;yes&quot;,&quot;background_motion_fx_translateY_speed&quot;:{&quot;unit&quot;:&quot;px&quot;,&quot;size&quot;:6.3,&quot;sizes&quot;:[]},&quot;background_motion_fx_translateY_affectedRange&quot;:{&quot;unit&quot;:&quot;%&quot;,&quot;size&quot;:&quot;&quot;,&quot;sizes&quot;:{&quot;start&quot;:0,&quot;end&quot;:100}},&quot;background_motion_fx_devices&quot;:[&quot;desktop&quot;,&quot;tablet&quot;,&quot;mobile&quot;]}\">\n\t\t\t\t\t<div class=\"e-con-inner\">\n\t\t<div data-particle_enable=\"false\" data-particle-mobile-disabled=\"false\" class=\"elementor-element elementor-element-ea4f304 e-con-full e-flex e-con e-child\" data-id=\"ea4f304\" data-element_type=\"container\">\n\t\t<div data-particle_enable=\"false\" data-particle-mobile-disabled=\"false\" class=\"elementor-element elementor-element-1bfdef3 e-con-full e-flex e-con e-child\" data-id=\"1bfdef3\" data-element_type=\"container\">\n\t\t\t\t<div class=\"elementor-element elementor-element-a5d0f95 elementor-widget__width-inherit elementor-widget elementor-widget-heading\" data-id=\"a5d0f95\" data-element_type=\"widget\" data-widget_type=\"heading.default\">\n\t\t\t\t<div class=\"elementor-widget-container\">\n\t\t\t\t\t<h2 class=\"elementor-heading-title elementor-size-default\">CONNESSIONE XML<\/h2>\t\t\t\t<\/div>\n\t\t\t\t<\/div>\n\t\t\t\t<div class=\"elementor-element elementor-element-b996600 elementor-widget elementor-widget-eael-divider\" data-id=\"b996600\" data-element_type=\"widget\" data-widget_type=\"eael-divider.default\">\n\t\t\t\t<div class=\"elementor-widget-container\">\n\t\t\t\t\t\t\t<div class=\"eael-divider-wrap divider-direction-horizontal\">\n\t\t\t\t\t\t\t<div class=\"eael-divider horizontal solid\"><\/div>\n\t\t\t\t\t<\/div>\n\t\t\t\t<\/div>\n\t\t\t\t<\/div>\n\t\t\t\t<div class=\"elementor-element elementor-element-7f67aac animated-slow elementor-invisible elementor-widget elementor-widget-heading\" data-id=\"7f67aac\" data-element_type=\"widget\" data-settings=\"{&quot;_animation&quot;:&quot;fadeInRight&quot;}\" data-widget_type=\"heading.default\">\n\t\t\t\t<div class=\"elementor-widget-container\">\n\t\t\t\t\t<h2 class=\"elementor-heading-title elementor-size-default\">La capacit\u00e0 di connettivit\u00e0 XML fornisce mezzi per lo scambio di dati tra varie applicazioni e sistemi.<\/h2>\t\t\t\t<\/div>\n\t\t\t\t<\/div>\n\t\t\t\t<div class=\"elementor-element elementor-element-193e63b elementor-widget elementor-widget-text-editor\" data-id=\"193e63b\" data-element_type=\"widget\" data-widget_type=\"text-editor.default\">\n\t\t\t\t<div class=\"elementor-widget-container\">\n\t\t\t\t\t\t\t\t\t<p>La connessione XML ti consente di connetterti al database di Tahiti Nui Travel, dandoti accesso alla nostra vasta gamma di offerte e prodotti senza dover memorizzare manualmente tutte queste informazioni internamente.<br \/>XML consente di centralizzare tutte le nostre offerte in un unico sistema, dove sono costantemente aggiornate e disponibili in tempo reale.<\/p>\t\t\t\t\t\t\t\t<\/div>\n\t\t\t\t<\/div>\n\t\t\t\t<\/div>\n\t\t\t\t<div class=\"elementor-element elementor-element-10b05cd elementor-widget-tablet__width-inherit dce_masking-none elementor-widget elementor-widget-image\" data-id=\"10b05cd\" data-element_type=\"widget\" data-widget_type=\"image.default\">\n\t\t\t\t<div class=\"elementor-widget-container\">\n\t\t\t\t\t\t\t\t\t\t\t\t\t\t\t<img decoding=\"async\" width=\"800\" height=\"668\" src=\"https:\/\/tahitinuitravel.com\/wp-content\/uploads\/2024\/10\/Connectivite-XML.png\" class=\"attachment-large size-large wp-image-38769\" alt=\"\" srcset=\"https:\/\/tahitinuitravel.com\/wp-content\/uploads\/2024\/10\/Connectivite-XML.png 848w, https:\/\/tahitinuitravel.com\/wp-content\/uploads\/2024\/10\/Connectivite-XML-300x250.png 300w, https:\/\/tahitinuitravel.com\/wp-content\/uploads\/2024\/10\/Connectivite-XML-768x641.png 768w, https:\/\/tahitinuitravel.com\/wp-content\/uploads\/2024\/10\/Connectivite-XML-14x12.png 14w\" sizes=\"(max-width: 800px) 100vw, 800px\" \/>\t\t\t\t\t\t\t\t\t\t\t\t\t\t\t<\/div>\n\t\t\t\t<\/div>\n\t\t\t\t<\/div>\n\t\t\t\t\t<\/div>\n\t\t\t\t<\/div>\n\t\t\t\t<\/div>","protected":false},"excerpt":{"rendered":"<p>Tecnologia Tahiti Nui Travel \u00e8 costantemente alla ricerca delle ultime innovazioni tecnologiche per garantire ai nostri partner e clienti un&#039;esperienza ottimale. Aggiorniamo regolarmente il nostro software [\u2026]<\/p>","protected":false},"author":1,"featured_media":0,"parent":0,"menu_order":0,"comment_status":"closed","ping_status":"closed","template":"","meta":{"_acf_changed":false,"footnotes":""},"class_list":["post-38762","page","type-page","status-publish","hentry"],"acf":[],"yoast_head":"<!-- This site is optimized with the Yoast SEO plugin v24.8.1 - https:\/\/yoast.com\/wordpress\/plugins\/seo\/ -->\n<title>Connectivit\u00e9 - Tahiti Nui Travel<\/title>\n<meta name=\"robots\" content=\"index, follow, max-snippet:-1, max-image-preview:large, max-video-preview:-1\" \/>\n<link rel=\"canonical\" href=\"https:\/\/tahitinuitravel.com\/it\/connectivite\/\" \/>\n<meta property=\"og:locale\" content=\"it_IT\" \/>\n<meta property=\"og:type\" content=\"article\" \/>\n<meta property=\"og:title\" content=\"Connectivit\u00e9 - Tahiti Nui Travel\" \/>\n<meta property=\"og:description\" content=\"Technologie Tahiti Nui Travel est constamment \u00e0 l&rsquo;aff\u00fbt des derni\u00e8res innovations technologiques afin de garantir \u00e0 nos partenaires et clients une exp\u00e9rience optimale. Nous mettons r\u00e9guli\u00e8rement \u00e0 jour nos logiciels [&hellip;]\" \/>\n<meta property=\"og:url\" content=\"https:\/\/tahitinuitravel.com\/it\/connectivite\/\" \/>\n<meta property=\"og:site_name\" content=\"Tahiti Nui Travel\" \/>\n<meta property=\"article:modified_time\" content=\"2024-11-28T04:11:29+00:00\" \/>\n<meta property=\"og:image\" content=\"https:\/\/tahitinuitravel.com\/wp-content\/uploads\/2024\/10\/Connectivite-Site-B-to-B-1-scaled.jpg\" \/>\n\t<meta property=\"og:image:width\" content=\"2560\" \/>\n\t<meta property=\"og:image:height\" content=\"1707\" \/>\n\t<meta property=\"og:image:type\" content=\"image\/jpeg\" \/>\n<meta name=\"twitter:card\" content=\"summary_large_image\" \/>\n<meta name=\"twitter:label1\" content=\"Tempo di lettura stimato\" \/>\n\t<meta name=\"twitter:data1\" content=\"2 minuti\" \/>\n<script type=\"application\/ld+json\" class=\"yoast-schema-graph\">{\"@context\":\"https:\/\/schema.org\",\"@graph\":[{\"@type\":\"WebPage\",\"@id\":\"https:\/\/tahitinuitravel.com\/connectivite\/\",\"url\":\"https:\/\/tahitinuitravel.com\/connectivite\/\",\"name\":\"Connectivit\u00e9 - Tahiti Nui Travel\",\"isPartOf\":{\"@id\":\"https:\/\/tahitinuitravel.com\/#website\"},\"primaryImageOfPage\":{\"@id\":\"https:\/\/tahitinuitravel.com\/connectivite\/#primaryimage\"},\"image\":{\"@id\":\"https:\/\/tahitinuitravel.com\/connectivite\/#primaryimage\"},\"thumbnailUrl\":\"https:\/\/tahitinuitravel.com\/wp-content\/uploads\/2024\/10\/Connectivite-Site-B-to-B-1-1024x683.jpg\",\"datePublished\":\"2024-10-31T00:00:15+00:00\",\"dateModified\":\"2024-11-28T04:11:29+00:00\",\"breadcrumb\":{\"@id\":\"https:\/\/tahitinuitravel.com\/connectivite\/#breadcrumb\"},\"inLanguage\":\"it-IT\",\"potentialAction\":[{\"@type\":\"ReadAction\",\"target\":[\"https:\/\/tahitinuitravel.com\/connectivite\/\"]}]},{\"@type\":\"ImageObject\",\"inLanguage\":\"it-IT\",\"@id\":\"https:\/\/tahitinuitravel.com\/connectivite\/#primaryimage\",\"url\":\"https:\/\/tahitinuitravel.com\/wp-content\/uploads\/2024\/10\/Connectivite-Site-B-to-B-1-1024x683.jpg\",\"contentUrl\":\"https:\/\/tahitinuitravel.com\/wp-content\/uploads\/2024\/10\/Connectivite-Site-B-to-B-1-1024x683.jpg\"},{\"@type\":\"BreadcrumbList\",\"@id\":\"https:\/\/tahitinuitravel.com\/connectivite\/#breadcrumb\",\"itemListElement\":[{\"@type\":\"ListItem\",\"position\":1,\"name\":\"Home\",\"item\":\"https:\/\/tahitinuitravel.com\/\"},{\"@type\":\"ListItem\",\"position\":2,\"name\":\"Connectivit\u00e9\"}]},{\"@type\":\"WebSite\",\"@id\":\"https:\/\/tahitinuitravel.com\/#website\",\"url\":\"https:\/\/tahitinuitravel.com\/\",\"name\":\"Tahiti Nui Travel\",\"description\":\"Tahiti Nui Travel est le leader incontest\u00e9 des voyages \u00e0 Tahiti et ses \u00eeles depuis 1965\",\"publisher\":{\"@id\":\"https:\/\/tahitinuitravel.com\/#organization\"},\"potentialAction\":[{\"@type\":\"SearchAction\",\"target\":{\"@type\":\"EntryPoint\",\"urlTemplate\":\"https:\/\/tahitinuitravel.com\/?s={search_term_string}\"},\"query-input\":{\"@type\":\"PropertyValueSpecification\",\"valueRequired\":true,\"valueName\":\"search_term_string\"}}],\"inLanguage\":\"it-IT\"},{\"@type\":\"Organization\",\"@id\":\"https:\/\/tahitinuitravel.com\/#organization\",\"name\":\"Tahiti Nui Travel\",\"url\":\"https:\/\/tahitinuitravel.com\/\",\"logo\":{\"@type\":\"ImageObject\",\"inLanguage\":\"it-IT\",\"@id\":\"https:\/\/tahitinuitravel.com\/#\/schema\/logo\/image\/\",\"url\":\"https:\/\/tahitinuitravel.com\/wp-content\/uploads\/2023\/12\/ZEN-COMPTAFichier-2.png\",\"contentUrl\":\"https:\/\/tahitinuitravel.com\/wp-content\/uploads\/2023\/12\/ZEN-COMPTAFichier-2.png\",\"width\":1500,\"height\":209,\"caption\":\"Tahiti Nui Travel\"},\"image\":{\"@id\":\"https:\/\/tahitinuitravel.com\/#\/schema\/logo\/image\/\"}}]}<\/script>\n<!-- \/ Yoast SEO plugin. -->","yoast_head_json":{"title":"Connectivit\u00e9 - Tahiti Nui Travel","robots":{"index":"index","follow":"follow","max-snippet":"max-snippet:-1","max-image-preview":"max-image-preview:large","max-video-preview":"max-video-preview:-1"},"canonical":"https:\/\/tahitinuitravel.com\/it\/connectivite\/","og_locale":"it_IT","og_type":"article","og_title":"Connectivit\u00e9 - Tahiti Nui Travel","og_description":"Technologie Tahiti Nui Travel est constamment \u00e0 l&rsquo;aff\u00fbt des derni\u00e8res innovations technologiques afin de garantir \u00e0 nos partenaires et clients une exp\u00e9rience optimale. Nous mettons r\u00e9guli\u00e8rement \u00e0 jour nos logiciels [&hellip;]","og_url":"https:\/\/tahitinuitravel.com\/it\/connectivite\/","og_site_name":"Tahiti Nui Travel","article_modified_time":"2024-11-28T04:11:29+00:00","og_image":[{"width":2560,"height":1707,"url":"https:\/\/tahitinuitravel.com\/wp-content\/uploads\/2024\/10\/Connectivite-Site-B-to-B-1-scaled.jpg","type":"image\/jpeg"}],"twitter_card":"summary_large_image","twitter_misc":{"Tempo di lettura stimato":"2 minuti"},"schema":{"@context":"https:\/\/schema.org","@graph":[{"@type":"WebPage","@id":"https:\/\/tahitinuitravel.com\/connectivite\/","url":"https:\/\/tahitinuitravel.com\/connectivite\/","name":"Connectivit\u00e9 - Tahiti Nui Travel","isPartOf":{"@id":"https:\/\/tahitinuitravel.com\/#website"},"primaryImageOfPage":{"@id":"https:\/\/tahitinuitravel.com\/connectivite\/#primaryimage"},"image":{"@id":"https:\/\/tahitinuitravel.com\/connectivite\/#primaryimage"},"thumbnailUrl":"https:\/\/tahitinuitravel.com\/wp-content\/uploads\/2024\/10\/Connectivite-Site-B-to-B-1-1024x683.jpg","datePublished":"2024-10-31T00:00:15+00:00","dateModified":"2024-11-28T04:11:29+00:00","breadcrumb":{"@id":"https:\/\/tahitinuitravel.com\/connectivite\/#breadcrumb"},"inLanguage":"it-IT","potentialAction":[{"@type":"ReadAction","target":["https:\/\/tahitinuitravel.com\/connectivite\/"]}]},{"@type":"ImageObject","inLanguage":"it-IT","@id":"https:\/\/tahitinuitravel.com\/connectivite\/#primaryimage","url":"https:\/\/tahitinuitravel.com\/wp-content\/uploads\/2024\/10\/Connectivite-Site-B-to-B-1-1024x683.jpg","contentUrl":"https:\/\/tahitinuitravel.com\/wp-content\/uploads\/2024\/10\/Connectivite-Site-B-to-B-1-1024x683.jpg"},{"@type":"BreadcrumbList","@id":"https:\/\/tahitinuitravel.com\/connectivite\/#breadcrumb","itemListElement":[{"@type":"ListItem","position":1,"name":"Home","item":"https:\/\/tahitinuitravel.com\/"},{"@type":"ListItem","position":2,"name":"Connectivit\u00e9"}]},{"@type":"WebSite","@id":"https:\/\/tahitinuitravel.com\/#website","url":"https:\/\/tahitinuitravel.com\/","name":"Tahiti Nui Travel","description":"Tahiti Nui Travel est le leader incontest\u00e9 des voyages \u00e0 Tahiti et ses \u00eeles depuis 1965","publisher":{"@id":"https:\/\/tahitinuitravel.com\/#organization"},"potentialAction":[{"@type":"SearchAction","target":{"@type":"EntryPoint","urlTemplate":"https:\/\/tahitinuitravel.com\/?s={search_term_string}"},"query-input":{"@type":"PropertyValueSpecification","valueRequired":true,"valueName":"search_term_string"}}],"inLanguage":"it-IT"},{"@type":"Organization","@id":"https:\/\/tahitinuitravel.com\/#organization","name":"Tahiti Nui Travel","url":"https:\/\/tahitinuitravel.com\/","logo":{"@type":"ImageObject","inLanguage":"it-IT","@id":"https:\/\/tahitinuitravel.com\/#\/schema\/logo\/image\/","url":"https:\/\/tahitinuitravel.com\/wp-content\/uploads\/2023\/12\/ZEN-COMPTAFichier-2.png","contentUrl":"https:\/\/tahitinuitravel.com\/wp-content\/uploads\/2023\/12\/ZEN-COMPTAFichier-2.png","width":1500,"height":209,"caption":"Tahiti Nui Travel"},"image":{"@id":"https:\/\/tahitinuitravel.com\/#\/schema\/logo\/image\/"}}]}},"_links":{"self":[{"href":"https:\/\/tahitinuitravel.com\/it\/wp-json\/wp\/v2\/pages\/38762","targetHints":{"allow":["GET"]}}],"collection":[{"href":"https:\/\/tahitinuitravel.com\/it\/wp-json\/wp\/v2\/pages"}],"about":[{"href":"https:\/\/tahitinuitravel.com\/it\/wp-json\/wp\/v2\/types\/page"}],"author":[{"embeddable":true,"href":"https:\/\/tahitinuitravel.com\/it\/wp-json\/wp\/v2\/users\/1"}],"replies":[{"embeddable":true,"href":"https:\/\/tahitinuitravel.com\/it\/wp-json\/wp\/v2\/comments?post=38762"}],"version-history":[{"count":0,"href":"https:\/\/tahitinuitravel.com\/it\/wp-json\/wp\/v2\/pages\/38762\/revisions"}],"wp:attachment":[{"href":"https:\/\/tahitinuitravel.com\/it\/wp-json\/wp\/v2\/media?parent=38762"}],"curies":[{"name":"wp","href":"https:\/\/api.w.org\/{rel}","templated":true}]}}