{"id":36447,"date":"2024-06-26T12:45:26","date_gmt":"2024-06-26T22:45:26","guid":{"rendered":"https:\/\/tahitinuitravel.com\/?page_id=36447"},"modified":"2024-10-24T11:11:03","modified_gmt":"2024-10-24T21:11:03","slug":"infos-pratiques","status":"publish","type":"page","link":"https:\/\/tahitinuitravel.com\/it\/infos-pratiques\/","title":{"rendered":"Informazioni pratiche"},"content":{"rendered":"<div data-elementor-type=\"wp-page\" data-elementor-id=\"36447\" class=\"elementor elementor-36447\" data-elementor-settings=\"{&quot;element_pack_global_tooltip_width&quot;:{&quot;unit&quot;:&quot;px&quot;,&quot;size&quot;:&quot;&quot;,&quot;sizes&quot;:[]},&quot;element_pack_global_tooltip_width_tablet&quot;:{&quot;unit&quot;:&quot;px&quot;,&quot;size&quot;:&quot;&quot;,&quot;sizes&quot;:[]},&quot;element_pack_global_tooltip_width_mobile&quot;:{&quot;unit&quot;:&quot;px&quot;,&quot;size&quot;:&quot;&quot;,&quot;sizes&quot;:[]},&quot;element_pack_global_tooltip_padding&quot;:{&quot;unit&quot;:&quot;px&quot;,&quot;top&quot;:&quot;&quot;,&quot;right&quot;:&quot;&quot;,&quot;bottom&quot;:&quot;&quot;,&quot;left&quot;:&quot;&quot;,&quot;isLinked&quot;:true},&quot;element_pack_global_tooltip_padding_tablet&quot;:{&quot;unit&quot;:&quot;px&quot;,&quot;top&quot;:&quot;&quot;,&quot;right&quot;:&quot;&quot;,&quot;bottom&quot;:&quot;&quot;,&quot;left&quot;:&quot;&quot;,&quot;isLinked&quot;:true},&quot;element_pack_global_tooltip_padding_mobile&quot;:{&quot;unit&quot;:&quot;px&quot;,&quot;top&quot;:&quot;&quot;,&quot;right&quot;:&quot;&quot;,&quot;bottom&quot;:&quot;&quot;,&quot;left&quot;:&quot;&quot;,&quot;isLinked&quot;:true},&quot;element_pack_global_tooltip_border_radius&quot;:{&quot;unit&quot;:&quot;px&quot;,&quot;top&quot;:&quot;&quot;,&quot;right&quot;:&quot;&quot;,&quot;bottom&quot;:&quot;&quot;,&quot;left&quot;:&quot;&quot;,&quot;isLinked&quot;:true},&quot;element_pack_global_tooltip_border_radius_tablet&quot;:{&quot;unit&quot;:&quot;px&quot;,&quot;top&quot;:&quot;&quot;,&quot;right&quot;:&quot;&quot;,&quot;bottom&quot;:&quot;&quot;,&quot;left&quot;:&quot;&quot;,&quot;isLinked&quot;:true},&quot;element_pack_global_tooltip_border_radius_mobile&quot;:{&quot;unit&quot;:&quot;px&quot;,&quot;top&quot;:&quot;&quot;,&quot;right&quot;:&quot;&quot;,&quot;bottom&quot;:&quot;&quot;,&quot;left&quot;:&quot;&quot;,&quot;isLinked&quot;:true}}\" data-elementor-post-type=\"page\">\n\t\t\t\t<div data-particle_enable=\"false\" data-particle-mobile-disabled=\"false\" data-dce-background-overlay-color=\"#000000\" data-dce-background-image-url=\"https:\/\/tahitinuitravel.com\/wp-content\/uploads\/2024\/10\/couverture-infos-pratiques.png\" class=\"elementor-element elementor-element-8d93d69 e-con-full e-flex e-con e-parent\" data-id=\"8d93d69\" data-element_type=\"container\" data-settings=\"{&quot;background_background&quot;:&quot;classic&quot;}\">\n\t\t\t\t<\/div>\n\t\t<div data-particle_enable=\"false\" data-particle-mobile-disabled=\"false\" class=\"elementor-element elementor-element-f2b11cb e-flex e-con-boxed elementor-invisible e-con e-child\" data-id=\"f2b11cb\" data-element_type=\"container\" data-settings=\"{&quot;animation&quot;:&quot;fadeInRight&quot;}\">\n\t\t\t\t\t<div class=\"e-con-inner\">\n\t\t\t\t<div class=\"elementor-element elementor-element-986137e elementor-widget__width-inherit elementor-widget elementor-widget-heading\" data-id=\"986137e\" data-element_type=\"widget\" data-widget_type=\"heading.default\">\n\t\t\t\t<div class=\"elementor-widget-container\">\n\t\t\t\t\t<h1 class=\"elementor-heading-title elementor-size-default\">ISTRUZIONI PER LA PRESERVAZIONE DELL&#039;AMBIENTE IN POLINESIA<\/h1>\t\t\t\t<\/div>\n\t\t\t\t<\/div>\n\t\t\t\t<div class=\"elementor-element elementor-element-72927ee elementor-widget elementor-widget-eael-divider\" data-id=\"72927ee\" data-element_type=\"widget\" data-widget_type=\"eael-divider.default\">\n\t\t\t\t<div class=\"elementor-widget-container\">\n\t\t\t\t\t\t\t<div class=\"eael-divider-wrap divider-direction-horizontal\">\n\t\t\t\t\t\t\t<div class=\"eael-divider horizontal solid\"><\/div>\n\t\t\t\t\t<\/div>\n\t\t\t\t<\/div>\n\t\t\t\t<\/div>\n\t\t\t\t<div class=\"elementor-element elementor-element-db63115 elementor-widget elementor-widget-text-editor\" data-id=\"db63115\" data-element_type=\"widget\" data-widget_type=\"text-editor.default\">\n\t\t\t\t<div class=\"elementor-widget-container\">\n\t\t\t\t\t\t\t\t\t<p><strong>Applicando questi 10 consigli, contribuirai attivamente alla salvaguardia dei magnifici paesaggi e degli ecosistemi unici della Polinesia. Ogni gesto, anche il pi\u00f9 piccolo, contribuisce a preservare questo ambiente eccezionale, garantendo che anche le generazioni future possano scoprire e godere delle bellezze naturali di queste isole paradisiache.<\/strong><\/p><p>1- Usa una protezione solare ecologica: scegli una protezione solare che rispetti l&#039;oceano, senza sostanze chimiche dannose per i coralli.<\/p><p>2- Non toccare o camminare sui coralli: i coralli sono organismi viventi fragili. Per preservare la loro salute, evitare di maneggiarli o calpestarli.<\/p><p>3- Rispetta la fauna marina: osserva gli animali marini da lontano, senza toccarli o disturbarli. Non dare da mangiare ai pesci o ad altre creature marine.<\/p><p>4- Ridurre i rifiuti di plastica: porta con te la tua bottiglia d&#039;acqua riutilizzabile e rifiuta i sacchetti di plastica. Smaltisci i tuoi rifiuti negli appositi contenitori.<\/p><p>5- Evita di collezionare souvenir naturali: non raccogliere conchiglie, sabbia o coralli per non disturbare l&#039;ecosistema.<\/p><p>6- Limitare il consumo di acqua ed energia: l&#039;acqua dolce \u00e8 preziosa in Polinesia. Fate docce brevi e spegnete le luci e i dispositivi elettronici quando non li utilizzate.<\/p><p>7- Rispettare i sentieri segnalati: durante le escursioni, restare sui sentieri segnalati per evitare di danneggiare la vegetazione e l&#039;ambiente naturale.<\/p><p>8- Partecipa ad attivit\u00e0 responsabili: scegli tour e attivit\u00e0 ecoturistiche che rispettino e preservino l&#039;ambiente e sostengano le comunit\u00e0 locali.<\/p><p>9- Non gettare oggetti in mare: evita di gettare qualsiasi cosa in acqua, anche rifiuti organici, per preservare la purezza dell&#039;oceano.<\/p><p>10- Sostenere le iniziative locali: incoraggiare gli artigiani locali, consumare prodotti locali e rispettare la cultura e le tradizioni polinesiane, strettamente legate alla tutela della natura.\u00a0<\/p><p>\u00a0<\/p>\t\t\t\t\t\t\t\t<\/div>\n\t\t\t\t<\/div>\n\t\t\t\t<div class=\"elementor-element elementor-element-4e26b35 animated-slow elementor-invisible elementor-widget elementor-widget-heading\" data-id=\"4e26b35\" data-element_type=\"widget\" data-settings=\"{&quot;_animation&quot;:&quot;fadeInRight&quot;}\" data-widget_type=\"heading.default\">\n\t\t\t\t<div class=\"elementor-widget-container\">\n\t\t\t\t\t<h6 class=\"elementor-heading-title elementor-size-default\">Mauro!<\/h6>\t\t\t\t<\/div>\n\t\t\t\t<\/div>\n\t\t\t\t<div class=\"elementor-element elementor-element-e7e3099 dce_masking-none elementor-widget elementor-widget-image\" data-id=\"e7e3099\" data-element_type=\"widget\" data-widget_type=\"image.default\">\n\t\t\t\t<div class=\"elementor-widget-container\">\n\t\t\t\t\t\t\t\t\t\t\t\t\t\t\t<img decoding=\"async\" width=\"922\" height=\"1156\" src=\"https:\/\/tahitinuitravel.com\/wp-content\/uploads\/2024\/10\/picto-infos-prtaiques.png\" class=\"attachment-full size-full wp-image-38177\" alt=\"\" srcset=\"https:\/\/tahitinuitravel.com\/wp-content\/uploads\/2024\/10\/picto-infos-prtaiques.png 922w, https:\/\/tahitinuitravel.com\/wp-content\/uploads\/2024\/10\/picto-infos-prtaiques-239x300.png 239w, https:\/\/tahitinuitravel.com\/wp-content\/uploads\/2024\/10\/picto-infos-prtaiques-817x1024.png 817w, https:\/\/tahitinuitravel.com\/wp-content\/uploads\/2024\/10\/picto-infos-prtaiques-768x963.png 768w, https:\/\/tahitinuitravel.com\/wp-content\/uploads\/2024\/10\/picto-infos-prtaiques-10x12.png 10w\" sizes=\"(max-width: 922px) 100vw, 922px\" \/>\t\t\t\t\t\t\t\t\t\t\t\t\t\t\t<\/div>\n\t\t\t\t<\/div>\n\t\t\t\t\t<\/div>\n\t\t\t\t<\/div>\n\t\t\t\t<\/div>","protected":false},"excerpt":{"rendered":"<p>LINEE GUIDA PER LA PRESERVAZIONE DELL&#039;AMBIENTE IN POLINESIA Seguendo questi 10 consigli, contribuirai attivamente alla salvaguardia dei magnifici paesaggi e degli ecosistemi unici della Polinesia. Ogni gesto, per quanto piccolo, [\u2026]<\/p>","protected":false},"author":1,"featured_media":0,"parent":0,"menu_order":0,"comment_status":"closed","ping_status":"closed","template":"","meta":{"_acf_changed":false,"footnotes":""},"class_list":["post-36447","page","type-page","status-publish","hentry"],"acf":[],"yoast_head":"<!-- This site is optimized with the Yoast SEO plugin v24.8.1 - https:\/\/yoast.com\/wordpress\/plugins\/seo\/ -->\n<title>Infos pratiques - Tahiti Nui Travel<\/title>\n<meta name=\"robots\" content=\"index, follow, max-snippet:-1, max-image-preview:large, max-video-preview:-1\" \/>\n<link rel=\"canonical\" href=\"https:\/\/tahitinuitravel.com\/it\/infos-pratiques\/\" \/>\n<meta property=\"og:locale\" content=\"it_IT\" \/>\n<meta property=\"og:type\" content=\"article\" \/>\n<meta property=\"og:title\" content=\"Infos pratiques - Tahiti Nui Travel\" \/>\n<meta property=\"og:description\" content=\"CONSIGNES POUR PR\u00c9SERVER L\u2019ENVIRONNEMENT EN POLYN\u00c9SIE En appliquant ces 10 conseils, vous contribuez activement \u00e0 la pr\u00e9servation des magnifiques paysages et \u00e9cosyst\u00e8mes uniques de laPolyn\u00e9sie. Chaque geste, aussi petit soit-il, [&hellip;]\" \/>\n<meta property=\"og:url\" content=\"https:\/\/tahitinuitravel.com\/it\/infos-pratiques\/\" \/>\n<meta property=\"og:site_name\" content=\"Tahiti Nui Travel\" \/>\n<meta property=\"article:modified_time\" content=\"2024-10-24T21:11:03+00:00\" \/>\n<meta property=\"og:image\" content=\"https:\/\/tahitinuitravel.com\/wp-content\/uploads\/2024\/10\/picto-infos-prtaiques.png\" \/>\n\t<meta property=\"og:image:width\" content=\"922\" \/>\n\t<meta property=\"og:image:height\" content=\"1156\" \/>\n\t<meta property=\"og:image:type\" content=\"image\/png\" \/>\n<meta name=\"twitter:card\" content=\"summary_large_image\" \/>\n<meta name=\"twitter:label1\" content=\"Tempo di lettura stimato\" \/>\n\t<meta name=\"twitter:data1\" content=\"2 minuti\" \/>\n<script type=\"application\/ld+json\" class=\"yoast-schema-graph\">{\"@context\":\"https:\/\/schema.org\",\"@graph\":[{\"@type\":\"WebPage\",\"@id\":\"https:\/\/tahitinuitravel.com\/infos-pratiques\/\",\"url\":\"https:\/\/tahitinuitravel.com\/infos-pratiques\/\",\"name\":\"Infos pratiques - Tahiti Nui Travel\",\"isPartOf\":{\"@id\":\"https:\/\/tahitinuitravel.com\/#website\"},\"primaryImageOfPage\":{\"@id\":\"https:\/\/tahitinuitravel.com\/infos-pratiques\/#primaryimage\"},\"image\":{\"@id\":\"https:\/\/tahitinuitravel.com\/infos-pratiques\/#primaryimage\"},\"thumbnailUrl\":\"https:\/\/tahitinuitravel.com\/wp-content\/uploads\/2024\/10\/picto-infos-prtaiques.png\",\"datePublished\":\"2024-06-26T22:45:26+00:00\",\"dateModified\":\"2024-10-24T21:11:03+00:00\",\"breadcrumb\":{\"@id\":\"https:\/\/tahitinuitravel.com\/infos-pratiques\/#breadcrumb\"},\"inLanguage\":\"it-IT\",\"potentialAction\":[{\"@type\":\"ReadAction\",\"target\":[\"https:\/\/tahitinuitravel.com\/infos-pratiques\/\"]}]},{\"@type\":\"ImageObject\",\"inLanguage\":\"it-IT\",\"@id\":\"https:\/\/tahitinuitravel.com\/infos-pratiques\/#primaryimage\",\"url\":\"https:\/\/tahitinuitravel.com\/wp-content\/uploads\/2024\/10\/picto-infos-prtaiques.png\",\"contentUrl\":\"https:\/\/tahitinuitravel.com\/wp-content\/uploads\/2024\/10\/picto-infos-prtaiques.png\"},{\"@type\":\"BreadcrumbList\",\"@id\":\"https:\/\/tahitinuitravel.com\/infos-pratiques\/#breadcrumb\",\"itemListElement\":[{\"@type\":\"ListItem\",\"position\":1,\"name\":\"Home\",\"item\":\"https:\/\/tahitinuitravel.com\/\"},{\"@type\":\"ListItem\",\"position\":2,\"name\":\"Infos pratiques\"}]},{\"@type\":\"WebSite\",\"@id\":\"https:\/\/tahitinuitravel.com\/#website\",\"url\":\"https:\/\/tahitinuitravel.com\/\",\"name\":\"Tahiti Nui Travel\",\"description\":\"Tahiti Nui Travel est le leader incontest\u00e9 des voyages \u00e0 Tahiti et ses \u00eeles depuis 1965\",\"publisher\":{\"@id\":\"https:\/\/tahitinuitravel.com\/#organization\"},\"potentialAction\":[{\"@type\":\"SearchAction\",\"target\":{\"@type\":\"EntryPoint\",\"urlTemplate\":\"https:\/\/tahitinuitravel.com\/?s={search_term_string}\"},\"query-input\":{\"@type\":\"PropertyValueSpecification\",\"valueRequired\":true,\"valueName\":\"search_term_string\"}}],\"inLanguage\":\"it-IT\"},{\"@type\":\"Organization\",\"@id\":\"https:\/\/tahitinuitravel.com\/#organization\",\"name\":\"Tahiti Nui Travel\",\"url\":\"https:\/\/tahitinuitravel.com\/\",\"logo\":{\"@type\":\"ImageObject\",\"inLanguage\":\"it-IT\",\"@id\":\"https:\/\/tahitinuitravel.com\/#\/schema\/logo\/image\/\",\"url\":\"https:\/\/tahitinuitravel.com\/wp-content\/uploads\/2023\/12\/ZEN-COMPTAFichier-2.png\",\"contentUrl\":\"https:\/\/tahitinuitravel.com\/wp-content\/uploads\/2023\/12\/ZEN-COMPTAFichier-2.png\",\"width\":1500,\"height\":209,\"caption\":\"Tahiti Nui Travel\"},\"image\":{\"@id\":\"https:\/\/tahitinuitravel.com\/#\/schema\/logo\/image\/\"}}]}<\/script>\n<!-- \/ Yoast SEO plugin. -->","yoast_head_json":{"title":"Infos pratiques - Tahiti Nui Travel","robots":{"index":"index","follow":"follow","max-snippet":"max-snippet:-1","max-image-preview":"max-image-preview:large","max-video-preview":"max-video-preview:-1"},"canonical":"https:\/\/tahitinuitravel.com\/it\/infos-pratiques\/","og_locale":"it_IT","og_type":"article","og_title":"Infos pratiques - Tahiti Nui Travel","og_description":"CONSIGNES POUR PR\u00c9SERVER L\u2019ENVIRONNEMENT EN POLYN\u00c9SIE En appliquant ces 10 conseils, vous contribuez activement \u00e0 la pr\u00e9servation des magnifiques paysages et \u00e9cosyst\u00e8mes uniques de laPolyn\u00e9sie. Chaque geste, aussi petit soit-il, [&hellip;]","og_url":"https:\/\/tahitinuitravel.com\/it\/infos-pratiques\/","og_site_name":"Tahiti Nui Travel","article_modified_time":"2024-10-24T21:11:03+00:00","og_image":[{"width":922,"height":1156,"url":"https:\/\/tahitinuitravel.com\/wp-content\/uploads\/2024\/10\/picto-infos-prtaiques.png","type":"image\/png"}],"twitter_card":"summary_large_image","twitter_misc":{"Tempo di lettura stimato":"2 minuti"},"schema":{"@context":"https:\/\/schema.org","@graph":[{"@type":"WebPage","@id":"https:\/\/tahitinuitravel.com\/infos-pratiques\/","url":"https:\/\/tahitinuitravel.com\/infos-pratiques\/","name":"Infos pratiques - Tahiti Nui Travel","isPartOf":{"@id":"https:\/\/tahitinuitravel.com\/#website"},"primaryImageOfPage":{"@id":"https:\/\/tahitinuitravel.com\/infos-pratiques\/#primaryimage"},"image":{"@id":"https:\/\/tahitinuitravel.com\/infos-pratiques\/#primaryimage"},"thumbnailUrl":"https:\/\/tahitinuitravel.com\/wp-content\/uploads\/2024\/10\/picto-infos-prtaiques.png","datePublished":"2024-06-26T22:45:26+00:00","dateModified":"2024-10-24T21:11:03+00:00","breadcrumb":{"@id":"https:\/\/tahitinuitravel.com\/infos-pratiques\/#breadcrumb"},"inLanguage":"it-IT","potentialAction":[{"@type":"ReadAction","target":["https:\/\/tahitinuitravel.com\/infos-pratiques\/"]}]},{"@type":"ImageObject","inLanguage":"it-IT","@id":"https:\/\/tahitinuitravel.com\/infos-pratiques\/#primaryimage","url":"https:\/\/tahitinuitravel.com\/wp-content\/uploads\/2024\/10\/picto-infos-prtaiques.png","contentUrl":"https:\/\/tahitinuitravel.com\/wp-content\/uploads\/2024\/10\/picto-infos-prtaiques.png"},{"@type":"BreadcrumbList","@id":"https:\/\/tahitinuitravel.com\/infos-pratiques\/#breadcrumb","itemListElement":[{"@type":"ListItem","position":1,"name":"Home","item":"https:\/\/tahitinuitravel.com\/"},{"@type":"ListItem","position":2,"name":"Infos pratiques"}]},{"@type":"WebSite","@id":"https:\/\/tahitinuitravel.com\/#website","url":"https:\/\/tahitinuitravel.com\/","name":"Tahiti Nui Travel","description":"Tahiti Nui Travel est le leader incontest\u00e9 des voyages \u00e0 Tahiti et ses \u00eeles depuis 1965","publisher":{"@id":"https:\/\/tahitinuitravel.com\/#organization"},"potentialAction":[{"@type":"SearchAction","target":{"@type":"EntryPoint","urlTemplate":"https:\/\/tahitinuitravel.com\/?s={search_term_string}"},"query-input":{"@type":"PropertyValueSpecification","valueRequired":true,"valueName":"search_term_string"}}],"inLanguage":"it-IT"},{"@type":"Organization","@id":"https:\/\/tahitinuitravel.com\/#organization","name":"Tahiti Nui Travel","url":"https:\/\/tahitinuitravel.com\/","logo":{"@type":"ImageObject","inLanguage":"it-IT","@id":"https:\/\/tahitinuitravel.com\/#\/schema\/logo\/image\/","url":"https:\/\/tahitinuitravel.com\/wp-content\/uploads\/2023\/12\/ZEN-COMPTAFichier-2.png","contentUrl":"https:\/\/tahitinuitravel.com\/wp-content\/uploads\/2023\/12\/ZEN-COMPTAFichier-2.png","width":1500,"height":209,"caption":"Tahiti Nui Travel"},"image":{"@id":"https:\/\/tahitinuitravel.com\/#\/schema\/logo\/image\/"}}]}},"_links":{"self":[{"href":"https:\/\/tahitinuitravel.com\/it\/wp-json\/wp\/v2\/pages\/36447","targetHints":{"allow":["GET"]}}],"collection":[{"href":"https:\/\/tahitinuitravel.com\/it\/wp-json\/wp\/v2\/pages"}],"about":[{"href":"https:\/\/tahitinuitravel.com\/it\/wp-json\/wp\/v2\/types\/page"}],"author":[{"embeddable":true,"href":"https:\/\/tahitinuitravel.com\/it\/wp-json\/wp\/v2\/users\/1"}],"replies":[{"embeddable":true,"href":"https:\/\/tahitinuitravel.com\/it\/wp-json\/wp\/v2\/comments?post=36447"}],"version-history":[{"count":0,"href":"https:\/\/tahitinuitravel.com\/it\/wp-json\/wp\/v2\/pages\/36447\/revisions"}],"wp:attachment":[{"href":"https:\/\/tahitinuitravel.com\/it\/wp-json\/wp\/v2\/media?parent=36447"}],"curies":[{"name":"wp","href":"https:\/\/api.w.org\/{rel}","templated":true}]}}