{"id":27,"date":"2023-10-25T22:07:38","date_gmt":"2023-10-25T22:07:38","guid":{"rendered":"https:\/\/tahitinuitravel.com\/?page_id=27"},"modified":"2024-10-25T16:07:02","modified_gmt":"2024-10-26T02:07:02","slug":"culture-polynesienne","status":"publish","type":"page","link":"https:\/\/tahitinuitravel.com\/it\/culture-polynesienne\/","title":{"rendered":"Cultura polinesiana"},"content":{"rendered":"<div data-elementor-type=\"wp-page\" data-elementor-id=\"27\" class=\"elementor elementor-27\" data-elementor-settings=\"{&quot;element_pack_global_tooltip_width&quot;:{&quot;unit&quot;:&quot;px&quot;,&quot;size&quot;:&quot;&quot;,&quot;sizes&quot;:[]},&quot;element_pack_global_tooltip_width_tablet&quot;:{&quot;unit&quot;:&quot;px&quot;,&quot;size&quot;:&quot;&quot;,&quot;sizes&quot;:[]},&quot;element_pack_global_tooltip_width_mobile&quot;:{&quot;unit&quot;:&quot;px&quot;,&quot;size&quot;:&quot;&quot;,&quot;sizes&quot;:[]},&quot;element_pack_global_tooltip_padding&quot;:{&quot;unit&quot;:&quot;px&quot;,&quot;top&quot;:&quot;&quot;,&quot;right&quot;:&quot;&quot;,&quot;bottom&quot;:&quot;&quot;,&quot;left&quot;:&quot;&quot;,&quot;isLinked&quot;:true},&quot;element_pack_global_tooltip_padding_tablet&quot;:{&quot;unit&quot;:&quot;px&quot;,&quot;top&quot;:&quot;&quot;,&quot;right&quot;:&quot;&quot;,&quot;bottom&quot;:&quot;&quot;,&quot;left&quot;:&quot;&quot;,&quot;isLinked&quot;:true},&quot;element_pack_global_tooltip_padding_mobile&quot;:{&quot;unit&quot;:&quot;px&quot;,&quot;top&quot;:&quot;&quot;,&quot;right&quot;:&quot;&quot;,&quot;bottom&quot;:&quot;&quot;,&quot;left&quot;:&quot;&quot;,&quot;isLinked&quot;:true},&quot;element_pack_global_tooltip_border_radius&quot;:{&quot;unit&quot;:&quot;px&quot;,&quot;top&quot;:&quot;&quot;,&quot;right&quot;:&quot;&quot;,&quot;bottom&quot;:&quot;&quot;,&quot;left&quot;:&quot;&quot;,&quot;isLinked&quot;:true},&quot;element_pack_global_tooltip_border_radius_tablet&quot;:{&quot;unit&quot;:&quot;px&quot;,&quot;top&quot;:&quot;&quot;,&quot;right&quot;:&quot;&quot;,&quot;bottom&quot;:&quot;&quot;,&quot;left&quot;:&quot;&quot;,&quot;isLinked&quot;:true},&quot;element_pack_global_tooltip_border_radius_mobile&quot;:{&quot;unit&quot;:&quot;px&quot;,&quot;top&quot;:&quot;&quot;,&quot;right&quot;:&quot;&quot;,&quot;bottom&quot;:&quot;&quot;,&quot;left&quot;:&quot;&quot;,&quot;isLinked&quot;:true}}\" data-elementor-post-type=\"page\">\n\t\t\t\t<div data-particle_enable=\"false\" data-particle-mobile-disabled=\"false\" class=\"elementor-element elementor-element-bf8f4c5 e-flex e-con-boxed e-con e-parent\" data-id=\"bf8f4c5\" data-element_type=\"container\">\n\t\t\t\t\t<div class=\"e-con-inner\">\n\t\t\t\t<div class=\"elementor-element elementor-element-90a6cf0 elementor-widget__width-inherit elementor-widget elementor-widget-heading\" data-id=\"90a6cf0\" data-element_type=\"widget\" data-widget_type=\"heading.default\">\n\t\t\t\t<div class=\"elementor-widget-container\">\n\t\t\t\t\t<h3 class=\"elementor-heading-title elementor-size-default\">La nostra cultura<\/h3>\t\t\t\t<\/div>\n\t\t\t\t<\/div>\n\t\t\t\t<div class=\"elementor-element elementor-element-ec4526b elementor-widget__width-inherit elementor-widget elementor-widget-heading\" data-id=\"ec4526b\" data-element_type=\"widget\" data-widget_type=\"heading.default\">\n\t\t\t\t<div class=\"elementor-widget-container\">\n\t\t\t\t\t<h1 class=\"elementor-heading-title elementor-size-default\">alla scoperta della cultura polinesiana<\/h1>\t\t\t\t<\/div>\n\t\t\t\t<\/div>\n\t\t\t\t<div class=\"elementor-element elementor-element-5aaea57 elementor-widget elementor-widget-eael-divider\" data-id=\"5aaea57\" data-element_type=\"widget\" data-widget_type=\"eael-divider.default\">\n\t\t\t\t<div class=\"elementor-widget-container\">\n\t\t\t\t\t\t\t<div class=\"eael-divider-wrap divider-direction-horizontal\">\n\t\t\t\t\t\t\t<div class=\"eael-divider horizontal solid\"><\/div>\n\t\t\t\t\t<\/div>\n\t\t\t\t<\/div>\n\t\t\t\t<\/div>\n\t\t\t\t\t<\/div>\n\t\t\t\t<\/div>\n\t\t<div data-particle_enable=\"false\" data-particle-mobile-disabled=\"false\" class=\"elementor-element elementor-element-4b872ed e-flex e-con-boxed e-con e-parent\" data-id=\"4b872ed\" data-element_type=\"container\">\n\t\t\t\t\t<div class=\"e-con-inner\">\n\t\t<div data-particle_enable=\"false\" data-particle-mobile-disabled=\"false\" class=\"elementor-element elementor-element-e9a3874 e-con-full e-flex e-con e-child\" data-id=\"e9a3874\" data-element_type=\"container\">\n\t\t<a class=\"eael-wrapper-link-bfd9b09 --eael-wrapper-link-tag\" href=\"https:\/\/tahitinuitravel.com\/it\/category\/culture-polynesienne\/lartisanat\/\"><\/a><div data-eael-wrapper-link=\"eael-wrapper-link-bfd9b09\" data-particle_enable=\"false\" data-particle-mobile-disabled=\"false\" data-dce-background-color=\"#FFFFFF\" data-dce-background-overlay-color=\"#000000\" data-dce-background-image-url=\"https:\/\/tahitinuitravel.com\/wp-content\/uploads\/2024\/10\/couverture-ARTISANAT-scaled.jpg\" class=\"elementor-element elementor-element-bfd9b09 e-con-full e-flex e-con e-child\" data-id=\"bfd9b09\" data-element_type=\"container\" data-settings=\"{&quot;background_background&quot;:&quot;classic&quot;}\">\n\t\t\t\t<div class=\"elementor-element elementor-element-79a10d3 elementor-widget elementor-widget-heading\" data-id=\"79a10d3\" data-element_type=\"widget\" data-widget_type=\"heading.default\">\n\t\t\t\t<div class=\"elementor-widget-container\">\n\t\t\t\t\t<h2 class=\"elementor-heading-title elementor-size-default\">Artigianato<\/h2>\t\t\t\t<\/div>\n\t\t\t\t<\/div>\n\t\t\t\t<\/div>\n\t\t<a class=\"eael-wrapper-link-19c646f --eael-wrapper-link-tag\" href=\"https:\/\/tahitinuitravel.com\/it\/?taxonomy=nav_menu&#038;term=les-arts-polynesiens\"><\/a><div data-eael-wrapper-link=\"eael-wrapper-link-19c646f\" data-particle_enable=\"false\" data-particle-mobile-disabled=\"false\" data-dce-background-color=\"#FFFFFF\" data-dce-background-overlay-color=\"#000000\" data-dce-background-image-url=\"https:\/\/tahitinuitravel.com\/wp-content\/uploads\/2023\/10\/P2_TAHITI__AP_9494\u00a9-Alikaphoto-2281x1521-1.webp\" class=\"elementor-element elementor-element-19c646f e-con-full e-flex e-con e-child\" data-id=\"19c646f\" data-element_type=\"container\" data-settings=\"{&quot;background_background&quot;:&quot;classic&quot;}\">\n\t\t\t\t<div class=\"elementor-element elementor-element-ff59e33 elementor-widget elementor-widget-heading\" data-id=\"ff59e33\" data-element_type=\"widget\" data-widget_type=\"heading.default\">\n\t\t\t\t<div class=\"elementor-widget-container\">\n\t\t\t\t\t<h2 class=\"elementor-heading-title elementor-size-default\">Arti polinesiane<\/h2>\t\t\t\t<\/div>\n\t\t\t\t<\/div>\n\t\t\t\t<\/div>\n\t\t\t\t<\/div>\n\t\t<div data-particle_enable=\"false\" data-particle-mobile-disabled=\"false\" class=\"elementor-element elementor-element-e91a7fe e-con-full e-flex e-con e-child\" data-id=\"e91a7fe\" data-element_type=\"container\">\n\t\t<a class=\"eael-wrapper-link-7afba8b --eael-wrapper-link-tag\" href=\"https:\/\/tahitinuitravel.com\/it\/category\/culture-polynesienne\/les-sports-en-polynesiens\/\"><\/a><div data-eael-wrapper-link=\"eael-wrapper-link-7afba8b\" data-particle_enable=\"false\" data-particle-mobile-disabled=\"false\" data-dce-background-color=\"#FFFFFF\" data-dce-background-overlay-color=\"#000000\" data-dce-background-image-url=\"https:\/\/tahitinuitravel.com\/wp-content\/uploads\/2024\/02\/P2_02_HUAHINE_2018-Huahine-Watermana-KLawsonR7-303-\u00a9-Kim-Lawson-2-scaled.webp\" class=\"elementor-element elementor-element-7afba8b e-con-full e-flex e-con e-child\" data-id=\"7afba8b\" data-element_type=\"container\" data-settings=\"{&quot;background_background&quot;:&quot;classic&quot;}\">\n\t\t\t\t<div class=\"elementor-element elementor-element-5e179d2 elementor-widget elementor-widget-heading\" data-id=\"5e179d2\" data-element_type=\"widget\" data-widget_type=\"heading.default\">\n\t\t\t\t<div class=\"elementor-widget-container\">\n\t\t\t\t\t<h2 class=\"elementor-heading-title elementor-size-default\">Sport polinesiani<\/h2>\t\t\t\t<\/div>\n\t\t\t\t<\/div>\n\t\t\t\t<\/div>\n\t\t<a class=\"eael-wrapper-link-e1af33a --eael-wrapper-link-tag\" href=\"https:\/\/tahitinuitravel.com\/it\/sur-les-traces-des-polynesiens\/\"><\/a><div data-eael-wrapper-link=\"eael-wrapper-link-e1af33a\" data-particle_enable=\"false\" data-particle-mobile-disabled=\"false\" data-dce-background-color=\"#FFFFFF\" data-dce-background-overlay-color=\"#000000\" data-dce-background-image-url=\"https:\/\/tahitinuitravel.com\/wp-content\/uploads\/2024\/01\/P2_TAHITI__9MO_7789_\u00a9-Myles-McGuinness-e1708497489769.jpeg\" class=\"elementor-element elementor-element-e1af33a e-con-full e-flex e-con e-child\" data-id=\"e1af33a\" data-element_type=\"container\" data-settings=\"{&quot;background_background&quot;:&quot;classic&quot;}\">\n\t\t\t\t<div class=\"elementor-element elementor-element-1cd8bd6 elementor-widget elementor-widget-heading\" data-id=\"1cd8bd6\" data-element_type=\"widget\" data-widget_type=\"heading.default\">\n\t\t\t\t<div class=\"elementor-widget-container\">\n\t\t\t\t\t<h2 class=\"elementor-heading-title elementor-size-default\">Le leggende<\/h2>\t\t\t\t<\/div>\n\t\t\t\t<\/div>\n\t\t\t\t<\/div>\n\t\t\t\t<\/div>\n\t\t\t\t\t<\/div>\n\t\t\t\t<\/div>\n\t\t\t\t<\/div>","protected":false},"excerpt":{"rendered":"<p>La nostra cultura Alla scoperta della cultura polinesiana Artigianato Arti polinesiane Leggende sportive polinesiane<\/p>","protected":false},"author":1,"featured_media":0,"parent":0,"menu_order":0,"comment_status":"closed","ping_status":"closed","template":"","meta":{"_acf_changed":false,"footnotes":""},"class_list":["post-27","page","type-page","status-publish","hentry"],"acf":[],"yoast_head":"<!-- This site is optimized with the Yoast SEO plugin v24.8.1 - https:\/\/yoast.com\/wordpress\/plugins\/seo\/ -->\n<title>Culture polyn\u00e9sienne - Tahiti Nui Travel<\/title>\n<meta name=\"robots\" content=\"index, follow, max-snippet:-1, max-image-preview:large, max-video-preview:-1\" \/>\n<link rel=\"canonical\" href=\"https:\/\/tahitinuitravel.com\/it\/culture-polynesienne\/\" \/>\n<meta property=\"og:locale\" content=\"it_IT\" \/>\n<meta property=\"og:type\" content=\"article\" \/>\n<meta property=\"og:title\" content=\"Culture polyn\u00e9sienne - Tahiti Nui Travel\" \/>\n<meta property=\"og:description\" content=\"Notre Culture \u00e0 la d\u00e9couverte de la culture polyn\u00e9sienne L&rsquo;artisanat Les arts Polyn\u00e9siens Les sports Polyn\u00e9siens Les l\u00e9gendes\" \/>\n<meta property=\"og:url\" content=\"https:\/\/tahitinuitravel.com\/it\/culture-polynesienne\/\" \/>\n<meta property=\"og:site_name\" content=\"Tahiti Nui Travel\" \/>\n<meta property=\"article:modified_time\" content=\"2024-10-26T02:07:02+00:00\" \/>\n<meta name=\"twitter:card\" content=\"summary_large_image\" \/>\n<meta name=\"twitter:label1\" content=\"Tempo di lettura stimato\" \/>\n\t<meta name=\"twitter:data1\" content=\"1 minuto\" \/>\n<script type=\"application\/ld+json\" class=\"yoast-schema-graph\">{\"@context\":\"https:\/\/schema.org\",\"@graph\":[{\"@type\":\"WebPage\",\"@id\":\"https:\/\/tahitinuitravel.com\/culture-polynesienne\/\",\"url\":\"https:\/\/tahitinuitravel.com\/culture-polynesienne\/\",\"name\":\"Culture polyn\u00e9sienne - Tahiti Nui Travel\",\"isPartOf\":{\"@id\":\"https:\/\/tahitinuitravel.com\/#website\"},\"datePublished\":\"2023-10-25T22:07:38+00:00\",\"dateModified\":\"2024-10-26T02:07:02+00:00\",\"breadcrumb\":{\"@id\":\"https:\/\/tahitinuitravel.com\/culture-polynesienne\/#breadcrumb\"},\"inLanguage\":\"it-IT\",\"potentialAction\":[{\"@type\":\"ReadAction\",\"target\":[\"https:\/\/tahitinuitravel.com\/culture-polynesienne\/\"]}]},{\"@type\":\"BreadcrumbList\",\"@id\":\"https:\/\/tahitinuitravel.com\/culture-polynesienne\/#breadcrumb\",\"itemListElement\":[{\"@type\":\"ListItem\",\"position\":1,\"name\":\"Home\",\"item\":\"https:\/\/tahitinuitravel.com\/\"},{\"@type\":\"ListItem\",\"position\":2,\"name\":\"Culture polyn\u00e9sienne\"}]},{\"@type\":\"WebSite\",\"@id\":\"https:\/\/tahitinuitravel.com\/#website\",\"url\":\"https:\/\/tahitinuitravel.com\/\",\"name\":\"Tahiti Nui Travel\",\"description\":\"Tahiti Nui Travel est le leader incontest\u00e9 des voyages \u00e0 Tahiti et ses \u00eeles depuis 1965\",\"publisher\":{\"@id\":\"https:\/\/tahitinuitravel.com\/#organization\"},\"potentialAction\":[{\"@type\":\"SearchAction\",\"target\":{\"@type\":\"EntryPoint\",\"urlTemplate\":\"https:\/\/tahitinuitravel.com\/?s={search_term_string}\"},\"query-input\":{\"@type\":\"PropertyValueSpecification\",\"valueRequired\":true,\"valueName\":\"search_term_string\"}}],\"inLanguage\":\"it-IT\"},{\"@type\":\"Organization\",\"@id\":\"https:\/\/tahitinuitravel.com\/#organization\",\"name\":\"Tahiti Nui Travel\",\"url\":\"https:\/\/tahitinuitravel.com\/\",\"logo\":{\"@type\":\"ImageObject\",\"inLanguage\":\"it-IT\",\"@id\":\"https:\/\/tahitinuitravel.com\/#\/schema\/logo\/image\/\",\"url\":\"https:\/\/tahitinuitravel.com\/wp-content\/uploads\/2023\/12\/ZEN-COMPTAFichier-2.png\",\"contentUrl\":\"https:\/\/tahitinuitravel.com\/wp-content\/uploads\/2023\/12\/ZEN-COMPTAFichier-2.png\",\"width\":1500,\"height\":209,\"caption\":\"Tahiti Nui Travel\"},\"image\":{\"@id\":\"https:\/\/tahitinuitravel.com\/#\/schema\/logo\/image\/\"}}]}<\/script>\n<!-- \/ Yoast SEO plugin. -->","yoast_head_json":{"title":"Culture polyn\u00e9sienne - Tahiti Nui Travel","robots":{"index":"index","follow":"follow","max-snippet":"max-snippet:-1","max-image-preview":"max-image-preview:large","max-video-preview":"max-video-preview:-1"},"canonical":"https:\/\/tahitinuitravel.com\/it\/culture-polynesienne\/","og_locale":"it_IT","og_type":"article","og_title":"Culture polyn\u00e9sienne - Tahiti Nui Travel","og_description":"Notre Culture \u00e0 la d\u00e9couverte de la culture polyn\u00e9sienne L&rsquo;artisanat Les arts Polyn\u00e9siens Les sports Polyn\u00e9siens Les l\u00e9gendes","og_url":"https:\/\/tahitinuitravel.com\/it\/culture-polynesienne\/","og_site_name":"Tahiti Nui Travel","article_modified_time":"2024-10-26T02:07:02+00:00","twitter_card":"summary_large_image","twitter_misc":{"Tempo di lettura stimato":"1 minuto"},"schema":{"@context":"https:\/\/schema.org","@graph":[{"@type":"WebPage","@id":"https:\/\/tahitinuitravel.com\/culture-polynesienne\/","url":"https:\/\/tahitinuitravel.com\/culture-polynesienne\/","name":"Culture polyn\u00e9sienne - Tahiti Nui Travel","isPartOf":{"@id":"https:\/\/tahitinuitravel.com\/#website"},"datePublished":"2023-10-25T22:07:38+00:00","dateModified":"2024-10-26T02:07:02+00:00","breadcrumb":{"@id":"https:\/\/tahitinuitravel.com\/culture-polynesienne\/#breadcrumb"},"inLanguage":"it-IT","potentialAction":[{"@type":"ReadAction","target":["https:\/\/tahitinuitravel.com\/culture-polynesienne\/"]}]},{"@type":"BreadcrumbList","@id":"https:\/\/tahitinuitravel.com\/culture-polynesienne\/#breadcrumb","itemListElement":[{"@type":"ListItem","position":1,"name":"Home","item":"https:\/\/tahitinuitravel.com\/"},{"@type":"ListItem","position":2,"name":"Culture polyn\u00e9sienne"}]},{"@type":"WebSite","@id":"https:\/\/tahitinuitravel.com\/#website","url":"https:\/\/tahitinuitravel.com\/","name":"Tahiti Nui Travel","description":"Tahiti Nui Travel est le leader incontest\u00e9 des voyages \u00e0 Tahiti et ses \u00eeles depuis 1965","publisher":{"@id":"https:\/\/tahitinuitravel.com\/#organization"},"potentialAction":[{"@type":"SearchAction","target":{"@type":"EntryPoint","urlTemplate":"https:\/\/tahitinuitravel.com\/?s={search_term_string}"},"query-input":{"@type":"PropertyValueSpecification","valueRequired":true,"valueName":"search_term_string"}}],"inLanguage":"it-IT"},{"@type":"Organization","@id":"https:\/\/tahitinuitravel.com\/#organization","name":"Tahiti Nui Travel","url":"https:\/\/tahitinuitravel.com\/","logo":{"@type":"ImageObject","inLanguage":"it-IT","@id":"https:\/\/tahitinuitravel.com\/#\/schema\/logo\/image\/","url":"https:\/\/tahitinuitravel.com\/wp-content\/uploads\/2023\/12\/ZEN-COMPTAFichier-2.png","contentUrl":"https:\/\/tahitinuitravel.com\/wp-content\/uploads\/2023\/12\/ZEN-COMPTAFichier-2.png","width":1500,"height":209,"caption":"Tahiti Nui Travel"},"image":{"@id":"https:\/\/tahitinuitravel.com\/#\/schema\/logo\/image\/"}}]}},"_links":{"self":[{"href":"https:\/\/tahitinuitravel.com\/it\/wp-json\/wp\/v2\/pages\/27","targetHints":{"allow":["GET"]}}],"collection":[{"href":"https:\/\/tahitinuitravel.com\/it\/wp-json\/wp\/v2\/pages"}],"about":[{"href":"https:\/\/tahitinuitravel.com\/it\/wp-json\/wp\/v2\/types\/page"}],"author":[{"embeddable":true,"href":"https:\/\/tahitinuitravel.com\/it\/wp-json\/wp\/v2\/users\/1"}],"replies":[{"embeddable":true,"href":"https:\/\/tahitinuitravel.com\/it\/wp-json\/wp\/v2\/comments?post=27"}],"version-history":[{"count":0,"href":"https:\/\/tahitinuitravel.com\/it\/wp-json\/wp\/v2\/pages\/27\/revisions"}],"wp:attachment":[{"href":"https:\/\/tahitinuitravel.com\/it\/wp-json\/wp\/v2\/media?parent=27"}],"curies":[{"name":"wp","href":"https:\/\/api.w.org\/{rel}","templated":true}]}}